{"id":9480,"date":"2023-05-11T13:17:56","date_gmt":"2023-05-11T11:17:56","guid":{"rendered":"https:\/\/www.shamare.eu\/?page_id=9480"},"modified":"2023-05-11T13:20:32","modified_gmt":"2023-05-11T11:20:32","slug":"karnak","status":"publish","type":"page","link":"https:\/\/www.shamare.eu\/index.php\/karnak\/","title":{"rendered":"Karnak"},"content":{"rendered":"\t\t<div data-elementor-type=\"wp-page\" data-elementor-id=\"9480\" class=\"elementor elementor-9480\" data-elementor-post-type=\"page\">\n\t\t\t\t\t\t<section class=\"elementor-section elementor-top-section elementor-element elementor-element-a3a0452 elementor-section-boxed elementor-section-height-default elementor-section-height-default\" data-id=\"a3a0452\" data-element_type=\"section\" data-e-type=\"section\">\n\t\t\t\t\t\t<div class=\"elementor-container elementor-column-gap-default\">\n\t\t\t\t\t<div class=\"elementor-column elementor-col-100 elementor-top-column elementor-element elementor-element-df2b27f\" data-id=\"df2b27f\" data-element_type=\"column\" data-e-type=\"column\">\n\t\t\t<div class=\"elementor-widget-wrap elementor-element-populated\">\n\t\t\t\t\t\t<div class=\"elementor-element elementor-element-08d2bdb elementor-widget elementor-widget-image\" data-id=\"08d2bdb\" data-element_type=\"widget\" data-e-type=\"widget\" data-widget_type=\"image.default\">\n\t\t\t\t<div class=\"elementor-widget-container\">\n\t\t\t\t\t\t\t\t\t\t\t\t\t\t\t<img fetchpriority=\"high\" decoding=\"async\" width=\"284\" height=\"177\" src=\"https:\/\/www.shamare.eu\/wp-content\/uploads\/2022\/12\/karnak1.jpg\" class=\"attachment-2048x2048 size-2048x2048 wp-image-6577\" alt=\"\" \/>\t\t\t\t\t\t\t\t\t\t\t\t\t\t\t<\/div>\n\t\t\t\t<\/div>\n\t\t\t\t<div class=\"elementor-element elementor-element-0705cdd elementor-widget elementor-widget-text-editor\" data-id=\"0705cdd\" data-element_type=\"widget\" data-e-type=\"widget\" data-widget_type=\"text-editor.default\">\n\t\t\t\t<div class=\"elementor-widget-container\">\n\t\t\t\t\t\t\t\t\t<h3><strong>KARNAK SENSORE<\/strong>:<\/h3><p>Esclusivo sistema di biofeedback per risonanza<\/p><p>KARNAK Sensore \u00e8 uno strumento innovativo perch\u00e9 grazie agli anni di sviluppo tecnologico e al know-how acquisito \u00e8 in grado di valutare le emissioni biofrequenziali degli esseri viventi, al fine di determinare quali meccanismi elettromagnetici cellulari siano deficitari, incostanti o iperattivi in un organismo.<\/p><p>L\u2019utilizzo di KARNAK Sensore consente di poter effettuare dei rilevamenti biofrequenziali identificando per ciascuna persona le possibili cause dei sintomi correlati alle proprie problematiche di salute, in un modo del tutto naturale, non invasivo, senza l\u2019interferenza da parte di un operatore e senza alterare in alcun modo l\u2019equilibrio biologico della persona.<br \/>Inoltre non richiede contatto diretto, in quanto utilizza il principio della risonanza cerebro-organica, consolidato dalla biofisica.<br \/>Questo rende KARNAK Sensore uno strumento unico ed essenziale per svolgere anche un\u2019attivit\u00e0 preventiva prima ancora che si manifestino i sintomi.<\/p><p>L\u2019aspetto innovativo del KARNAK Sensore sta nel fatto che il dispositivo \u00e8 in grado di rapportarsi con l\u2019unicit\u00e0 di ciascun essere vivente, misurando con estrema rapidit\u00e0 e accuratezza le emissioni frequenziali o assorbimenti determinati dall\u2019attivit\u00e0 elettromagnetica dell\u2019RNA cellulare, senza alcun contatto fisico con il soggetto esaminato.<\/p><p><em><u>Per fissare un appuntamento chiamare<\/u><\/em><em>:<\/em><\/p><p>num. Si\u00a0\u00a0 +386 40 295 409<\/p><p>num. It\u00a0\u00a0\u00a0 +39 3288338354<\/p><p>\u00a0<\/p>\t\t\t\t\t\t\t\t<\/div>\n\t\t\t\t<\/div>\n\t\t\t\t\t<\/div>\n\t\t<\/div>\n\t\t\t\t\t<\/div>\n\t\t<\/section>\n\t\t\t\t<\/div>\n\t\t","protected":false},"excerpt":{"rendered":"<p>KARNAK SENSORE: Esclusivo sistema di biofeedback per risonanza KARNAK Sensore \u00e8 uno strumento innovativo perch\u00e9 grazie agli anni di sviluppo tecnologico e al know-how acquisito \u00e8 in grado di valutare le emissioni biofrequenziali degli esseri viventi, al fine di determinare quali meccanismi elettromagnetici cellulari siano deficitari, incostanti o iperattivi in un organismo. L\u2019utilizzo di KARNAK [&hellip;]<\/p>\n","protected":false},"author":2,"featured_media":0,"parent":0,"menu_order":0,"comment_status":"closed","ping_status":"closed","template":"","meta":{"ocean_post_layout":"full-screen","ocean_both_sidebars_style":"","ocean_both_sidebars_content_width":0,"ocean_both_sidebars_sidebars_width":0,"ocean_sidebar":"0","ocean_second_sidebar":"0","ocean_disable_margins":"on","ocean_add_body_class":"","ocean_shortcode_before_top_bar":"","ocean_shortcode_after_top_bar":"","ocean_shortcode_before_header":"","ocean_shortcode_after_header":"","ocean_has_shortcode":"","ocean_shortcode_after_title":"","ocean_shortcode_before_footer_widgets":"","ocean_shortcode_after_footer_widgets":"","ocean_shortcode_before_footer_bottom":"","ocean_shortcode_after_footer_bottom":"","ocean_display_top_bar":"off","ocean_display_header":"off","ocean_header_style":"","ocean_center_header_left_menu":"0","ocean_custom_header_template":"0","ocean_custom_logo":0,"ocean_custom_retina_logo":0,"ocean_custom_logo_max_width":0,"ocean_custom_logo_tablet_max_width":0,"ocean_custom_logo_mobile_max_width":0,"ocean_custom_logo_max_height":0,"ocean_custom_logo_tablet_max_height":0,"ocean_custom_logo_mobile_max_height":0,"ocean_header_custom_menu":"0","ocean_menu_typo_font_family":"0","ocean_menu_typo_font_subset":"","ocean_menu_typo_font_size":0,"ocean_menu_typo_font_size_tablet":0,"ocean_menu_typo_font_size_mobile":0,"ocean_menu_typo_font_size_unit":"px","ocean_menu_typo_font_weight":"","ocean_menu_typo_font_weight_tablet":"","ocean_menu_typo_font_weight_mobile":"","ocean_menu_typo_transform":"","ocean_menu_typo_transform_tablet":"","ocean_menu_typo_transform_mobile":"","ocean_menu_typo_line_height":0,"ocean_menu_typo_line_height_tablet":0,"ocean_menu_typo_line_height_mobile":0,"ocean_menu_typo_line_height_unit":"","ocean_menu_typo_spacing":0,"ocean_menu_typo_spacing_tablet":0,"ocean_menu_typo_spacing_mobile":0,"ocean_menu_typo_spacing_unit":"","ocean_menu_link_color":"","ocean_menu_link_color_hover":"","ocean_menu_link_color_active":"","ocean_menu_link_background":"","ocean_menu_link_hover_background":"","ocean_menu_link_active_background":"","ocean_menu_social_links_bg":"","ocean_menu_social_hover_links_bg":"","ocean_menu_social_links_color":"","ocean_menu_social_hover_links_color":"","ocean_disable_title":"on","ocean_disable_heading":"on","ocean_post_title":"","ocean_post_subheading":"","ocean_post_title_style":"","ocean_post_title_background_color":"","ocean_post_title_background":0,"ocean_post_title_bg_image_position":"","ocean_post_title_bg_image_attachment":"","ocean_post_title_bg_image_repeat":"","ocean_post_title_bg_image_size":"","ocean_post_title_height":0,"ocean_post_title_bg_overlay":0.5,"ocean_post_title_bg_overlay_color":"","ocean_disable_breadcrumbs":"default","ocean_breadcrumbs_color":"","ocean_breadcrumbs_separator_color":"","ocean_breadcrumbs_links_color":"","ocean_breadcrumbs_links_hover_color":"","ocean_display_footer_widgets":"off","ocean_display_footer_bottom":"off","ocean_custom_footer_template":"0","footnotes":""},"class_list":["post-9480","page","type-page","status-publish","hentry","entry"],"_links":{"self":[{"href":"https:\/\/www.shamare.eu\/index.php\/wp-json\/wp\/v2\/pages\/9480","targetHints":{"allow":["GET"]}}],"collection":[{"href":"https:\/\/www.shamare.eu\/index.php\/wp-json\/wp\/v2\/pages"}],"about":[{"href":"https:\/\/www.shamare.eu\/index.php\/wp-json\/wp\/v2\/types\/page"}],"author":[{"embeddable":true,"href":"https:\/\/www.shamare.eu\/index.php\/wp-json\/wp\/v2\/users\/2"}],"replies":[{"embeddable":true,"href":"https:\/\/www.shamare.eu\/index.php\/wp-json\/wp\/v2\/comments?post=9480"}],"version-history":[{"count":4,"href":"https:\/\/www.shamare.eu\/index.php\/wp-json\/wp\/v2\/pages\/9480\/revisions"}],"predecessor-version":[{"id":9484,"href":"https:\/\/www.shamare.eu\/index.php\/wp-json\/wp\/v2\/pages\/9480\/revisions\/9484"}],"wp:attachment":[{"href":"https:\/\/www.shamare.eu\/index.php\/wp-json\/wp\/v2\/media?parent=9480"}],"curies":[{"name":"wp","href":"https:\/\/api.w.org\/{rel}","templated":true}]}}