{"id":7043,"date":"2022-12-30T22:31:03","date_gmt":"2022-12-30T21:31:03","guid":{"rendered":"https:\/\/www.shamare.eu\/?page_id=7043"},"modified":"2023-01-04T17:25:16","modified_gmt":"2023-01-04T16:25:16","slug":"speciale-marzo-si","status":"publish","type":"page","link":"https:\/\/www.shamare.eu\/index.php\/sl\/speciale-marzo-si\/","title":{"rendered":"Speciale Marzo si"},"content":{"rendered":"\t\t<div data-elementor-type=\"wp-page\" data-elementor-id=\"7043\" class=\"elementor elementor-7043\" data-elementor-post-type=\"page\">\n\t\t\t\t\t\t<section class=\"elementor-section elementor-top-section elementor-element elementor-element-b2a2c31 elementor-section-boxed elementor-section-height-default elementor-section-height-default elementor-invisible\" data-id=\"b2a2c31\" data-element_type=\"section\" data-e-type=\"section\" data-settings=\"{&quot;animation&quot;:&quot;fadeInUp&quot;}\">\n\t\t\t\t\t\t<div class=\"elementor-container elementor-column-gap-default\">\n\t\t\t\t\t<div class=\"elementor-column elementor-col-100 elementor-top-column elementor-element elementor-element-5c04017\" data-id=\"5c04017\" data-element_type=\"column\" data-e-type=\"column\">\n\t\t\t<div class=\"elementor-widget-wrap elementor-element-populated\">\n\t\t\t\t\t\t<div class=\"elementor-element elementor-element-c8244be elementor-widget elementor-widget-image\" data-id=\"c8244be\" data-element_type=\"widget\" data-e-type=\"widget\" data-widget_type=\"image.default\">\n\t\t\t\t<div class=\"elementor-widget-container\">\n\t\t\t\t\t\t\t\t\t\t\t\t\t\t\t<img fetchpriority=\"high\" decoding=\"async\" width=\"300\" height=\"251\" src=\"https:\/\/www.shamare.eu\/wp-content\/uploads\/2022\/12\/E-ora-di-stappare-una-bottiglia-Robi-300x251.jpg\" class=\"attachment-medium size-medium wp-image-6682\" alt=\"\" srcset=\"https:\/\/www.shamare.eu\/wp-content\/uploads\/2022\/12\/E-ora-di-stappare-una-bottiglia-Robi-300x251.jpg 300w, https:\/\/www.shamare.eu\/wp-content\/uploads\/2022\/12\/E-ora-di-stappare-una-bottiglia-Robi-768x644.jpg 768w, https:\/\/www.shamare.eu\/wp-content\/uploads\/2022\/12\/E-ora-di-stappare-una-bottiglia-Robi.jpg 940w\" sizes=\"(max-width: 300px) 100vw, 300px\" \/>\t\t\t\t\t\t\t\t\t\t\t\t\t\t\t<\/div>\n\t\t\t\t<\/div>\n\t\t\t\t<div class=\"elementor-element elementor-element-7ffc610 elementor-widget elementor-widget-text-editor\" data-id=\"7ffc610\" data-element_type=\"widget\" data-e-type=\"widget\" data-widget_type=\"text-editor.default\">\n\t\t\t\t<div class=\"elementor-widget-container\">\n\t\t\t\t\t\t\t\t\t<h1 style=\"text-align: center;\"><strong><span style=\"color: #993300;\">Posebni Marec<\/span><\/strong><\/h1><p>V tednu ob dnevu \u017eena smo pripravili ekskluzivni, prilagojen oddih samo za vas!<\/p><p>Umik, namenjen samo \u017eenskam, da se pribli\u017eate svojemu sredi\u0161\u010du, raziskujete odtenke \u017eenskosti, pustite prostor za ustvarjalnost in skrb zase.<\/p><p>\u00a0Za lepoto in delitev teh izku\u0161enj.<\/p><p>\u0160EST DNI V \u010cUDOVITEM SHAMAR\u00e8 RESORT &amp; SPA, NARAVNI SCENARIJI MED GOZDOM, VODO IN TI\u0160INO.<\/p><p>V za\u010daranem gozdu bomo izvajali meditacije za zbranost.<\/p><p>Poslu\u0161ali se bomo, si pripovedovali zgodbe, jedli zdravo hrano in po\u010divali. Razmi\u0161ljali bomo tudi o ob\u010dutkih drug drugega.<\/p><p>Na voljo bomo imeli velik prostor za bivanje in vadbo, tako v notranjosti kot na prostem, v \u017eivahni naravi kraja, pri \u010demer nas bo na potovanju spremljala Katia Kullmann, Holisti\u010dna U\u010diteljica od leta 1996, strokovnjakinja za \u010dutenje in strokovnjakinja za odpiranje src z zdravilnim dotikom.<\/p><p>UMIK SE ZA\u010cNE OB 17.00 ponedeljek, 6. marec 2023.<\/p><p>Program je okviren in se lahko spremeni glede na potrebe in naravo skupine.<\/p><p>\u0160estdnevni paket vklju\u010duje:<\/p><p>4 meditacije mindfulness<\/p><p>1 vhod v na\u0161 zasebni SPA<\/p><p>1 60-MINUTNA MASA\u017dA<\/p><p>1 naravni tretma za preoblikovanje telesa\u00a0<\/p><p>1 meditacijsko sre\u010danje z zvoki in spevi svetlobe s tibetanskimi zvonovi in \u0161amanskimi bobni<\/p><p>5 dni Polni penzion kosilo\/ve\u010derja<\/p><p>no\u010ditev v dvoposteljnih sobah<\/p><p>Umik se bo kon\u010dal v petek, 10. marca<\/p><p>\u00a0Po zajtrku pozdravni krog<\/p><p>CENA CELOTNEGA PROGRAMA Z VKLJU\u010cENIMI STRO\u0160KI 1080 EUR<\/p><p>POLOG 500 EVROV OB REZERVACIJI\u00a0<\/p><p>Kateremu tednu v marcu bi se radi posvetili?<\/p><p>Pokli\u010dite in preverite razpolo\u017eljivost.<\/p><p>+386 40 816 215<\/p>\t\t\t\t\t\t\t\t<\/div>\n\t\t\t\t<\/div>\n\t\t\t\t\t<\/div>\n\t\t<\/div>\n\t\t\t\t\t<\/div>\n\t\t<\/section>\n\t\t\t\t<\/div>\n\t\t","protected":false},"excerpt":{"rendered":"<p>Posebni Marec V tednu ob dnevu \u017eena smo pripravili ekskluzivni, prilagojen oddih samo za vas! Umik, namenjen samo \u017eenskam, da se pribli\u017eate svojemu sredi\u0161\u010du, raziskujete odtenke \u017eenskosti, pustite prostor za ustvarjalnost in skrb zase. \u00a0Za lepoto in delitev teh izku\u0161enj. \u0160EST DNI V \u010cUDOVITEM SHAMAR\u00e8 RESORT &amp; SPA, NARAVNI SCENARIJI MED GOZDOM, VODO IN TI\u0160INO. [&hellip;]<\/p>\n","protected":false},"author":2,"featured_media":0,"parent":0,"menu_order":0,"comment_status":"closed","ping_status":"closed","template":"","meta":{"ocean_post_layout":"full-screen","ocean_both_sidebars_style":"","ocean_both_sidebars_content_width":0,"ocean_both_sidebars_sidebars_width":0,"ocean_sidebar":"0","ocean_second_sidebar":"0","ocean_disable_margins":"on","ocean_add_body_class":"","ocean_shortcode_before_top_bar":"","ocean_shortcode_after_top_bar":"","ocean_shortcode_before_header":"","ocean_shortcode_after_header":"","ocean_has_shortcode":"","ocean_shortcode_after_title":"","ocean_shortcode_before_footer_widgets":"","ocean_shortcode_after_footer_widgets":"","ocean_shortcode_before_footer_bottom":"","ocean_shortcode_after_footer_bottom":"","ocean_display_top_bar":"off","ocean_display_header":"off","ocean_header_style":"","ocean_center_header_left_menu":"0","ocean_custom_header_template":"0","ocean_custom_logo":0,"ocean_custom_retina_logo":0,"ocean_custom_logo_max_width":0,"ocean_custom_logo_tablet_max_width":0,"ocean_custom_logo_mobile_max_width":0,"ocean_custom_logo_max_height":0,"ocean_custom_logo_tablet_max_height":0,"ocean_custom_logo_mobile_max_height":0,"ocean_header_custom_menu":"0","ocean_menu_typo_font_family":"0","ocean_menu_typo_font_subset":"","ocean_menu_typo_font_size":0,"ocean_menu_typo_font_size_tablet":0,"ocean_menu_typo_font_size_mobile":0,"ocean_menu_typo_font_size_unit":"px","ocean_menu_typo_font_weight":"","ocean_menu_typo_font_weight_tablet":"","ocean_menu_typo_font_weight_mobile":"","ocean_menu_typo_transform":"","ocean_menu_typo_transform_tablet":"","ocean_menu_typo_transform_mobile":"","ocean_menu_typo_line_height":0,"ocean_menu_typo_line_height_tablet":0,"ocean_menu_typo_line_height_mobile":0,"ocean_menu_typo_line_height_unit":"","ocean_menu_typo_spacing":0,"ocean_menu_typo_spacing_tablet":0,"ocean_menu_typo_spacing_mobile":0,"ocean_menu_typo_spacing_unit":"","ocean_menu_link_color":"","ocean_menu_link_color_hover":"","ocean_menu_link_color_active":"","ocean_menu_link_background":"","ocean_menu_link_hover_background":"","ocean_menu_link_active_background":"","ocean_menu_social_links_bg":"","ocean_menu_social_hover_links_bg":"","ocean_menu_social_links_color":"","ocean_menu_social_hover_links_color":"","ocean_disable_title":"on","ocean_disable_heading":"default","ocean_post_title":"","ocean_post_subheading":"","ocean_post_title_style":"","ocean_post_title_background_color":"","ocean_post_title_background":0,"ocean_post_title_bg_image_position":"","ocean_post_title_bg_image_attachment":"","ocean_post_title_bg_image_repeat":"","ocean_post_title_bg_image_size":"","ocean_post_title_height":0,"ocean_post_title_bg_overlay":0.5,"ocean_post_title_bg_overlay_color":"","ocean_disable_breadcrumbs":"default","ocean_breadcrumbs_color":"","ocean_breadcrumbs_separator_color":"","ocean_breadcrumbs_links_color":"","ocean_breadcrumbs_links_hover_color":"","ocean_display_footer_widgets":"off","ocean_display_footer_bottom":"off","ocean_custom_footer_template":"0","footnotes":""},"class_list":["post-7043","page","type-page","status-publish","hentry","entry"],"_links":{"self":[{"href":"https:\/\/www.shamare.eu\/index.php\/wp-json\/wp\/v2\/pages\/7043","targetHints":{"allow":["GET"]}}],"collection":[{"href":"https:\/\/www.shamare.eu\/index.php\/wp-json\/wp\/v2\/pages"}],"about":[{"href":"https:\/\/www.shamare.eu\/index.php\/wp-json\/wp\/v2\/types\/page"}],"author":[{"embeddable":true,"href":"https:\/\/www.shamare.eu\/index.php\/wp-json\/wp\/v2\/users\/2"}],"replies":[{"embeddable":true,"href":"https:\/\/www.shamare.eu\/index.php\/wp-json\/wp\/v2\/comments?post=7043"}],"version-history":[{"count":16,"href":"https:\/\/www.shamare.eu\/index.php\/wp-json\/wp\/v2\/pages\/7043\/revisions"}],"predecessor-version":[{"id":7448,"href":"https:\/\/www.shamare.eu\/index.php\/wp-json\/wp\/v2\/pages\/7043\/revisions\/7448"}],"wp:attachment":[{"href":"https:\/\/www.shamare.eu\/index.php\/wp-json\/wp\/v2\/media?parent=7043"}],"curies":[{"name":"wp","href":"https:\/\/api.w.org\/{rel}","templated":true}]}}