{"id":7002,"date":"2022-12-29T12:46:09","date_gmt":"2022-12-29T11:46:09","guid":{"rendered":"https:\/\/www.shamare.eu\/?page_id=7002"},"modified":"2023-01-04T17:15:41","modified_gmt":"2023-01-04T16:15:41","slug":"speciale-febbraio-si","status":"publish","type":"page","link":"https:\/\/www.shamare.eu\/index.php\/sl\/speciale-febbraio-si\/","title":{"rendered":"Speciale febbraio si"},"content":{"rendered":"\t\t<div data-elementor-type=\"wp-page\" data-elementor-id=\"7002\" class=\"elementor elementor-7002\" data-elementor-post-type=\"page\">\n\t\t\t\t\t\t<section class=\"elementor-section elementor-top-section elementor-element elementor-element-41bb55f6 elementor-section-boxed elementor-section-height-default elementor-section-height-default\" data-id=\"41bb55f6\" data-element_type=\"section\" data-e-type=\"section\" data-settings=\"{&quot;background_background&quot;:&quot;classic&quot;}\">\n\t\t\t\t\t\t\t<div class=\"elementor-background-overlay\"><\/div>\n\t\t\t\t\t\t\t<div class=\"elementor-container elementor-column-gap-extended\">\n\t\t\t\t\t<div class=\"elementor-column elementor-col-100 elementor-top-column elementor-element elementor-element-51548679\" data-id=\"51548679\" data-element_type=\"column\" data-e-type=\"column\">\n\t\t\t<div class=\"elementor-widget-wrap elementor-element-populated\">\n\t\t\t\t\t\t<div class=\"elementor-element elementor-element-6a481ad elementor-invisible elementor-widget elementor-widget-heading\" data-id=\"6a481ad\" data-element_type=\"widget\" data-e-type=\"widget\" data-settings=\"{&quot;_animation&quot;:&quot;fadeInDown&quot;}\" data-widget_type=\"heading.default\">\n\t\t\t\t<div class=\"elementor-widget-container\">\n\t\t\t\t\t<h1 class=\"elementor-heading-title elementor-size-default\">Posebni februar<\/h1>\t\t\t\t<\/div>\n\t\t\t\t<\/div>\n\t\t\t\t<div class=\"elementor-element elementor-element-621a2ab3 elementor-invisible elementor-widget elementor-widget-text-editor\" data-id=\"621a2ab3\" data-element_type=\"widget\" data-e-type=\"widget\" data-settings=\"{&quot;_animation&quot;:&quot;fadeInUp&quot;,&quot;_animation_delay&quot;:400}\" data-widget_type=\"text-editor.default\">\n\t\t\t\t<div class=\"elementor-widget-container\">\n\t\t\t\t\t\t\t\t\t<h3><span style=\"color: #ffffff;\">mesec, posve\u010den paru<\/span><\/h3><h6>\u00a0<\/h6>\t\t\t\t\t\t\t\t<\/div>\n\t\t\t\t<\/div>\n\t\t\t\t\t<\/div>\n\t\t<\/div>\n\t\t\t\t\t<\/div>\n\t\t<\/section>\n\t\t\t\t<section class=\"elementor-section elementor-top-section elementor-element elementor-element-7f620356 elementor-section-boxed elementor-section-height-default elementor-section-height-default\" data-id=\"7f620356\" data-element_type=\"section\" data-e-type=\"section\" data-settings=\"{&quot;background_background&quot;:&quot;classic&quot;}\">\n\t\t\t\t\t\t<div class=\"elementor-container elementor-column-gap-wider\">\n\t\t\t\t\t<div class=\"elementor-column elementor-col-33 elementor-top-column elementor-element elementor-element-1cdcfd4 elementor-invisible\" data-id=\"1cdcfd4\" data-element_type=\"column\" data-e-type=\"column\" data-settings=\"{&quot;background_background&quot;:&quot;classic&quot;,&quot;animation&quot;:&quot;fadeInUp&quot;}\">\n\t\t\t<div class=\"elementor-widget-wrap elementor-element-populated\">\n\t\t\t\t\t\t<div class=\"elementor-element elementor-element-3dd81cd elementor-widget elementor-widget-image\" data-id=\"3dd81cd\" data-element_type=\"widget\" data-e-type=\"widget\" data-widget_type=\"image.default\">\n\t\t\t\t<div class=\"elementor-widget-container\">\n\t\t\t\t\t\t\t\t\t\t\t\t\t\t\t\t<a href=\"https:\/\/www.shamare.eu\/wp-content\/uploads\/2022\/12\/af-oro-pavia-cop-2.jpg\" data-elementor-open-lightbox=\"yes\" data-elementor-lightbox-title=\"af-oro-pavia-cop-2\" data-e-action-hash=\"#elementor-action%3Aaction%3Dlightbox%26settings%3DeyJpZCI6NjQ3OSwidXJsIjoiaHR0cHM6XC9cL3d3dy5zaGFtYXJlLmV1XC93cC1jb250ZW50XC91cGxvYWRzXC8yMDIyXC8xMlwvYWYtb3JvLXBhdmlhLWNvcC0yLmpwZyJ9\">\n\t\t\t\t\t\t\t<img fetchpriority=\"high\" decoding=\"async\" width=\"1920\" height=\"1280\" src=\"https:\/\/www.shamare.eu\/wp-content\/uploads\/2022\/12\/af-oro-pavia-cop-2.jpg\" class=\"attachment-full size-full wp-image-6479\" alt=\"\" srcset=\"https:\/\/www.shamare.eu\/wp-content\/uploads\/2022\/12\/af-oro-pavia-cop-2.jpg 1920w, https:\/\/www.shamare.eu\/wp-content\/uploads\/2022\/12\/af-oro-pavia-cop-2-300x200.jpg 300w, https:\/\/www.shamare.eu\/wp-content\/uploads\/2022\/12\/af-oro-pavia-cop-2-1024x683.jpg 1024w, https:\/\/www.shamare.eu\/wp-content\/uploads\/2022\/12\/af-oro-pavia-cop-2-768x512.jpg 768w, https:\/\/www.shamare.eu\/wp-content\/uploads\/2022\/12\/af-oro-pavia-cop-2-1536x1024.jpg 1536w\" sizes=\"(max-width: 1920px) 100vw, 1920px\" \/>\t\t\t\t\t\t\t\t<\/a>\n\t\t\t\t\t\t\t\t\t\t\t\t\t\t\t<\/div>\n\t\t\t\t<\/div>\n\t\t\t\t<div class=\"elementor-element elementor-element-6bf28947 elementor-widget elementor-widget-heading\" data-id=\"6bf28947\" data-element_type=\"widget\" data-e-type=\"widget\" data-widget_type=\"heading.default\">\n\t\t\t\t<div class=\"elementor-widget-container\">\n\t\t\t\t\t<h3 class=\"elementor-heading-title elementor-size-default\">Zlati paket<\/h3>\t\t\t\t<\/div>\n\t\t\t\t<\/div>\n\t\t\t\t<div class=\"elementor-element elementor-element-6d64eee0 elementor-widget-divider--view-line elementor-widget elementor-widget-divider\" data-id=\"6d64eee0\" data-element_type=\"widget\" data-e-type=\"widget\" data-widget_type=\"divider.default\">\n\t\t\t\t<div class=\"elementor-widget-container\">\n\t\t\t\t\t\t\t<div class=\"elementor-divider\">\n\t\t\t<span class=\"elementor-divider-separator\">\n\t\t\t\t\t\t<\/span>\n\t\t<\/div>\n\t\t\t\t\t\t<\/div>\n\t\t\t\t<\/div>\n\t\t\t\t<div class=\"elementor-element elementor-element-3dcce768 elementor-widget elementor-widget-text-editor\" data-id=\"3dcce768\" data-element_type=\"widget\" data-e-type=\"widget\" data-widget_type=\"text-editor.default\">\n\t\t\t\t<div class=\"elementor-widget-container\">\n\t\t\t\t\t\t\t\t\t<ul><li>1 no\u010ditev za 2 osebi z zajtrkom<\/li><li>Spa, ekskluzivno za par 2 uri s kompletom za razvajanje (sadje, majhen \u0161ampanjec)<\/li><li>Masa\u017ea za pare 45 min.<\/li><li><span class=\"Y2IQFc\" lang=\"sl\" style=\"color: #ff0000;\"><strong>brezpla\u010dno<\/strong>: <\/span><span style=\"color: #ff6600;\">1 seansa celi\u010dne regeneracije s Karnakom<\/span><\/li><\/ul><p><strong>Skupaj \u20ac330 <br \/><\/strong><\/p>\t\t\t\t\t\t\t\t<\/div>\n\t\t\t\t<\/div>\n\t\t\t\t<div class=\"elementor-element elementor-element-2452e85d elementor-align-center elementor-widget elementor-widget-button\" data-id=\"2452e85d\" data-element_type=\"widget\" data-e-type=\"widget\" data-widget_type=\"button.default\">\n\t\t\t\t<div class=\"elementor-widget-container\">\n\t\t\t\t\t\t\t\t\t<div class=\"elementor-button-wrapper\">\n\t\t\t\t\t<a class=\"elementor-button elementor-button-link elementor-size-sm elementor-animation-sink\" href=\"https:\/\/www.shamare.eu\/index.php\/contatti\/\">\n\t\t\t\t\t\t<span class=\"elementor-button-content-wrapper\">\n\t\t\t\t\t\t\t\t\t<span class=\"elementor-button-text\">Order now<\/span>\n\t\t\t\t\t<\/span>\n\t\t\t\t\t<\/a>\n\t\t\t\t<\/div>\n\t\t\t\t\t\t\t\t<\/div>\n\t\t\t\t<\/div>\n\t\t\t\t\t<\/div>\n\t\t<\/div>\n\t\t\t\t<div class=\"elementor-column elementor-col-33 elementor-top-column elementor-element elementor-element-62bb3850 elementor-invisible\" data-id=\"62bb3850\" data-element_type=\"column\" data-e-type=\"column\" data-settings=\"{&quot;background_background&quot;:&quot;classic&quot;,&quot;animation&quot;:&quot;fadeInUp&quot;,&quot;animation_delay&quot;:400}\">\n\t\t\t<div class=\"elementor-widget-wrap elementor-element-populated\">\n\t\t\t\t\t\t<div class=\"elementor-element elementor-element-4ef8d3ca elementor-widget elementor-widget-image\" data-id=\"4ef8d3ca\" data-element_type=\"widget\" data-e-type=\"widget\" data-widget_type=\"image.default\">\n\t\t\t\t<div class=\"elementor-widget-container\">\n\t\t\t\t\t\t\t\t\t\t\t\t\t\t\t\t<a href=\"https:\/\/www.shamare.eu\/wp-content\/uploads\/2022\/12\/immagini-blog-ruby.jpg\" data-elementor-open-lightbox=\"yes\" data-elementor-lightbox-title=\"immagini-blog-ruby\" data-e-action-hash=\"#elementor-action%3Aaction%3Dlightbox%26settings%3DeyJpZCI6NjQ4MSwidXJsIjoiaHR0cHM6XC9cL3d3dy5zaGFtYXJlLmV1XC93cC1jb250ZW50XC91cGxvYWRzXC8yMDIyXC8xMlwvaW1tYWdpbmktYmxvZy1ydWJ5LmpwZyJ9\">\n\t\t\t\t\t\t\t<img decoding=\"async\" width=\"1200\" height=\"800\" src=\"https:\/\/www.shamare.eu\/wp-content\/uploads\/2022\/12\/immagini-blog-ruby.jpg\" class=\"attachment-full size-full wp-image-6481\" alt=\"\" srcset=\"https:\/\/www.shamare.eu\/wp-content\/uploads\/2022\/12\/immagini-blog-ruby.jpg 1200w, https:\/\/www.shamare.eu\/wp-content\/uploads\/2022\/12\/immagini-blog-ruby-300x200.jpg 300w, https:\/\/www.shamare.eu\/wp-content\/uploads\/2022\/12\/immagini-blog-ruby-1024x683.jpg 1024w, https:\/\/www.shamare.eu\/wp-content\/uploads\/2022\/12\/immagini-blog-ruby-768x512.jpg 768w\" sizes=\"(max-width: 1200px) 100vw, 1200px\" \/>\t\t\t\t\t\t\t\t<\/a>\n\t\t\t\t\t\t\t\t\t\t\t\t\t\t\t<\/div>\n\t\t\t\t<\/div>\n\t\t\t\t<div class=\"elementor-element elementor-element-2e2d07e6 elementor-widget elementor-widget-heading\" data-id=\"2e2d07e6\" data-element_type=\"widget\" data-e-type=\"widget\" data-widget_type=\"heading.default\">\n\t\t\t\t<div class=\"elementor-widget-container\">\n\t\t\t\t\t<h3 class=\"elementor-heading-title elementor-size-default\">Paket ruby<\/h3>\t\t\t\t<\/div>\n\t\t\t\t<\/div>\n\t\t\t\t<div class=\"elementor-element elementor-element-2de52e7e elementor-widget-divider--view-line elementor-widget elementor-widget-divider\" data-id=\"2de52e7e\" data-element_type=\"widget\" data-e-type=\"widget\" data-widget_type=\"divider.default\">\n\t\t\t\t<div class=\"elementor-widget-container\">\n\t\t\t\t\t\t\t<div class=\"elementor-divider\">\n\t\t\t<span class=\"elementor-divider-separator\">\n\t\t\t\t\t\t<\/span>\n\t\t<\/div>\n\t\t\t\t\t\t<\/div>\n\t\t\t\t<\/div>\n\t\t\t\t<div class=\"elementor-element elementor-element-566cfc94 elementor-widget elementor-widget-text-editor\" data-id=\"566cfc94\" data-element_type=\"widget\" data-e-type=\"widget\" data-widget_type=\"text-editor.default\">\n\t\t\t\t<div class=\"elementor-widget-container\">\n\t\t\t\t\t\t\t\t\t<ul><li>1 no\u010ditev za 2 osebi z zajtrkom<\/li><li>Spa, ekskluzivno za par, 2 uri s kompletom za razvajanje (sadje, velik \u0161ampanjec, \u010dokolada)<\/li><li>Masa\u017ea za pare 1 ura<\/li><li><p id=\"tw-target-text\" class=\"tw-data-text tw-text-large tw-ta\" dir=\"ltr\" data-placeholder=\"Traduzione\"><span class=\"Y2IQFc\" lang=\"sl\"><strong><span style=\"color: #ff0000;\">brezpla\u010dno<\/span><\/strong><span style=\"color: #ff6600;\">: <\/span><\/span><span style=\"color: #ff6600;\">1 seansa celi\u010dne regeneracije s Karnakom<\/span><\/p><\/li><\/ul><p><strong>Skupaj \u20ac390 <br \/><\/strong><\/p><div class=\"notranslate\" style=\"all: initial;\">\u00a0<\/div>\t\t\t\t\t\t\t\t<\/div>\n\t\t\t\t<\/div>\n\t\t\t\t<div class=\"elementor-element elementor-element-2d850454 elementor-align-center elementor-widget elementor-widget-button\" data-id=\"2d850454\" data-element_type=\"widget\" data-e-type=\"widget\" data-widget_type=\"button.default\">\n\t\t\t\t<div class=\"elementor-widget-container\">\n\t\t\t\t\t\t\t\t\t<div class=\"elementor-button-wrapper\">\n\t\t\t\t\t<a class=\"elementor-button elementor-button-link elementor-size-sm elementor-animation-sink\" href=\"https:\/\/www.shamare.eu\/index.php\/contatti\/\">\n\t\t\t\t\t\t<span class=\"elementor-button-content-wrapper\">\n\t\t\t\t\t\t\t\t\t<span class=\"elementor-button-text\">Order now<\/span>\n\t\t\t\t\t<\/span>\n\t\t\t\t\t<\/a>\n\t\t\t\t<\/div>\n\t\t\t\t\t\t\t\t<\/div>\n\t\t\t\t<\/div>\n\t\t\t\t\t<\/div>\n\t\t<\/div>\n\t\t\t\t<div class=\"elementor-column elementor-col-33 elementor-top-column elementor-element elementor-element-4180f42f elementor-invisible\" data-id=\"4180f42f\" data-element_type=\"column\" data-e-type=\"column\" data-settings=\"{&quot;background_background&quot;:&quot;classic&quot;,&quot;animation&quot;:&quot;fadeInUp&quot;,&quot;animation_delay&quot;:800}\">\n\t\t\t<div class=\"elementor-widget-wrap elementor-element-populated\">\n\t\t\t\t\t\t<div class=\"elementor-element elementor-element-7d8b3981 elementor-widget elementor-widget-image\" data-id=\"7d8b3981\" data-element_type=\"widget\" data-e-type=\"widget\" data-widget_type=\"image.default\">\n\t\t\t\t<div class=\"elementor-widget-container\">\n\t\t\t\t\t\t\t\t\t\t\t\t\t\t\t\t<a href=\"https:\/\/www.shamare.eu\/wp-content\/uploads\/2022\/12\/diamanti.jpeg\" data-elementor-open-lightbox=\"yes\" data-elementor-lightbox-title=\"diamanti\" data-e-action-hash=\"#elementor-action%3Aaction%3Dlightbox%26settings%3DeyJpZCI6NjQ4MiwidXJsIjoiaHR0cHM6XC9cL3d3dy5zaGFtYXJlLmV1XC93cC1jb250ZW50XC91cGxvYWRzXC8yMDIyXC8xMlwvZGlhbWFudGkuanBlZyJ9\">\n\t\t\t\t\t\t\t<img decoding=\"async\" width=\"600\" height=\"452\" src=\"https:\/\/www.shamare.eu\/wp-content\/uploads\/2022\/12\/diamanti.jpeg\" class=\"attachment-full size-full wp-image-6482\" alt=\"\" srcset=\"https:\/\/www.shamare.eu\/wp-content\/uploads\/2022\/12\/diamanti.jpeg 600w, https:\/\/www.shamare.eu\/wp-content\/uploads\/2022\/12\/diamanti-300x226.jpeg 300w\" sizes=\"(max-width: 600px) 100vw, 600px\" \/>\t\t\t\t\t\t\t\t<\/a>\n\t\t\t\t\t\t\t\t\t\t\t\t\t\t\t<\/div>\n\t\t\t\t<\/div>\n\t\t\t\t<div class=\"elementor-element elementor-element-787f6eb5 elementor-widget elementor-widget-heading\" data-id=\"787f6eb5\" data-element_type=\"widget\" data-e-type=\"widget\" data-widget_type=\"heading.default\">\n\t\t\t\t<div class=\"elementor-widget-container\">\n\t\t\t\t\t<h3 class=\"elementor-heading-title elementor-size-default\">Diamantni paket<\/h3>\t\t\t\t<\/div>\n\t\t\t\t<\/div>\n\t\t\t\t<div class=\"elementor-element elementor-element-7b3ed395 elementor-widget-divider--view-line elementor-widget elementor-widget-divider\" data-id=\"7b3ed395\" data-element_type=\"widget\" data-e-type=\"widget\" data-widget_type=\"divider.default\">\n\t\t\t\t<div class=\"elementor-widget-container\">\n\t\t\t\t\t\t\t<div class=\"elementor-divider\">\n\t\t\t<span class=\"elementor-divider-separator\">\n\t\t\t\t\t\t<\/span>\n\t\t<\/div>\n\t\t\t\t\t\t<\/div>\n\t\t\t\t<\/div>\n\t\t\t\t<div class=\"elementor-element elementor-element-69273597 elementor-widget elementor-widget-text-editor\" data-id=\"69273597\" data-element_type=\"widget\" data-e-type=\"widget\" data-widget_type=\"text-editor.default\">\n\t\t\t\t<div class=\"elementor-widget-container\">\n\t\t\t\t\t\t\t\t\t<ul><li>1 no\u010ditev za 2 osebi z zajtrkom<\/li><li>Spa, ekskluzivno za par, 2 uri s kompletom za <strong>razvajanje<\/strong> (sadje, velik \u0161ampanjec, \u010dokolada)<\/li><li>Masa\u017ea za pare 45 min<\/li><li><span style=\"color: #ff6600;\">Karmi\u010dno balansiranje za pare (1 individualna ura)<\/span><\/li><\/ul><p><strong>Skupaj \u20ac450 <br \/><\/strong><\/p>\t\t\t\t\t\t\t\t<\/div>\n\t\t\t\t<\/div>\n\t\t\t\t<div class=\"elementor-element elementor-element-563aa5d3 elementor-align-center elementor-widget elementor-widget-button\" data-id=\"563aa5d3\" data-element_type=\"widget\" data-e-type=\"widget\" data-widget_type=\"button.default\">\n\t\t\t\t<div class=\"elementor-widget-container\">\n\t\t\t\t\t\t\t\t\t<div class=\"elementor-button-wrapper\">\n\t\t\t\t\t<a class=\"elementor-button elementor-button-link elementor-size-sm elementor-animation-sink\" href=\"https:\/\/www.shamare.eu\/index.php\/contatti\/\">\n\t\t\t\t\t\t<span class=\"elementor-button-content-wrapper\">\n\t\t\t\t\t\t\t\t\t<span class=\"elementor-button-text\">order now<\/span>\n\t\t\t\t\t<\/span>\n\t\t\t\t\t<\/a>\n\t\t\t\t<\/div>\n\t\t\t\t\t\t\t\t<\/div>\n\t\t\t\t<\/div>\n\t\t\t\t\t<\/div>\n\t\t<\/div>\n\t\t\t\t\t<\/div>\n\t\t<\/section>\n\t\t\t\t<section class=\"elementor-section elementor-top-section elementor-element elementor-element-d946f3d elementor-section-boxed elementor-section-height-default elementor-section-height-default\" data-id=\"d946f3d\" data-element_type=\"section\" data-e-type=\"section\">\n\t\t\t\t\t\t<div class=\"elementor-container elementor-column-gap-default\">\n\t\t\t\t\t<div class=\"elementor-column elementor-col-100 elementor-top-column elementor-element elementor-element-b5c2262\" data-id=\"b5c2262\" data-element_type=\"column\" data-e-type=\"column\">\n\t\t\t<div class=\"elementor-widget-wrap elementor-element-populated\">\n\t\t\t\t\t\t<div class=\"elementor-element elementor-element-1117858 elementor-widget elementor-widget-text-editor\" data-id=\"1117858\" data-element_type=\"widget\" data-e-type=\"widget\" data-widget_type=\"text-editor.default\">\n\t\t\t\t<div class=\"elementor-widget-container\">\n\t\t\t\t\t\t\t\t\t<p>\u00a0(Immagine di mindandi su Freepik)<\/p>\t\t\t\t\t\t\t\t<\/div>\n\t\t\t\t<\/div>\n\t\t\t\t\t<\/div>\n\t\t<\/div>\n\t\t\t\t\t<\/div>\n\t\t<\/section>\n\t\t\t\t<\/div>\n\t\t","protected":false},"excerpt":{"rendered":"<p>Posebni februar mesec, posve\u010den paru \u00a0 Zlati paket 1 no\u010ditev za 2 osebi z zajtrkom Spa, ekskluzivno za par 2 uri s kompletom za razvajanje (sadje, majhen \u0161ampanjec) Masa\u017ea za pare 45 min. brezpla\u010dno: 1 seansa celi\u010dne regeneracije s Karnakom Skupaj \u20ac330 Order now Paket ruby 1 no\u010ditev za 2 osebi z zajtrkom Spa, ekskluzivno [&hellip;]<\/p>\n","protected":false},"author":2,"featured_media":0,"parent":0,"menu_order":0,"comment_status":"closed","ping_status":"closed","template":"","meta":{"ocean_post_layout":"full-screen","ocean_both_sidebars_style":"","ocean_both_sidebars_content_width":0,"ocean_both_sidebars_sidebars_width":0,"ocean_sidebar":"0","ocean_second_sidebar":"0","ocean_disable_margins":"on","ocean_add_body_class":"","ocean_shortcode_before_top_bar":"","ocean_shortcode_after_top_bar":"","ocean_shortcode_before_header":"","ocean_shortcode_after_header":"","ocean_has_shortcode":"","ocean_shortcode_after_title":"","ocean_shortcode_before_footer_widgets":"","ocean_shortcode_after_footer_widgets":"","ocean_shortcode_before_footer_bottom":"","ocean_shortcode_after_footer_bottom":"","ocean_display_top_bar":"default","ocean_display_header":"off","ocean_header_style":"","ocean_center_header_left_menu":"0","ocean_custom_header_template":"0","ocean_custom_logo":0,"ocean_custom_retina_logo":0,"ocean_custom_logo_max_width":0,"ocean_custom_logo_tablet_max_width":0,"ocean_custom_logo_mobile_max_width":0,"ocean_custom_logo_max_height":0,"ocean_custom_logo_tablet_max_height":0,"ocean_custom_logo_mobile_max_height":0,"ocean_header_custom_menu":"0","ocean_menu_typo_font_family":"0","ocean_menu_typo_font_subset":"","ocean_menu_typo_font_size":0,"ocean_menu_typo_font_size_tablet":0,"ocean_menu_typo_font_size_mobile":0,"ocean_menu_typo_font_size_unit":"px","ocean_menu_typo_font_weight":"","ocean_menu_typo_font_weight_tablet":"","ocean_menu_typo_font_weight_mobile":"","ocean_menu_typo_transform":"","ocean_menu_typo_transform_tablet":"","ocean_menu_typo_transform_mobile":"","ocean_menu_typo_line_height":0,"ocean_menu_typo_line_height_tablet":0,"ocean_menu_typo_line_height_mobile":0,"ocean_menu_typo_line_height_unit":"","ocean_menu_typo_spacing":0,"ocean_menu_typo_spacing_tablet":0,"ocean_menu_typo_spacing_mobile":0,"ocean_menu_typo_spacing_unit":"","ocean_menu_link_color":"","ocean_menu_link_color_hover":"","ocean_menu_link_color_active":"","ocean_menu_link_background":"","ocean_menu_link_hover_background":"","ocean_menu_link_active_background":"","ocean_menu_social_links_bg":"","ocean_menu_social_hover_links_bg":"","ocean_menu_social_links_color":"","ocean_menu_social_hover_links_color":"","ocean_disable_title":"on","ocean_disable_heading":"default","ocean_post_title":"","ocean_post_subheading":"","ocean_post_title_style":"","ocean_post_title_background_color":"","ocean_post_title_background":0,"ocean_post_title_bg_image_position":"","ocean_post_title_bg_image_attachment":"","ocean_post_title_bg_image_repeat":"","ocean_post_title_bg_image_size":"","ocean_post_title_height":0,"ocean_post_title_bg_overlay":0.5,"ocean_post_title_bg_overlay_color":"","ocean_disable_breadcrumbs":"default","ocean_breadcrumbs_color":"","ocean_breadcrumbs_separator_color":"","ocean_breadcrumbs_links_color":"","ocean_breadcrumbs_links_hover_color":"","ocean_display_footer_widgets":"off","ocean_display_footer_bottom":"off","ocean_custom_footer_template":"0","footnotes":""},"class_list":["post-7002","page","type-page","status-publish","hentry","entry"],"_links":{"self":[{"href":"https:\/\/www.shamare.eu\/index.php\/wp-json\/wp\/v2\/pages\/7002","targetHints":{"allow":["GET"]}}],"collection":[{"href":"https:\/\/www.shamare.eu\/index.php\/wp-json\/wp\/v2\/pages"}],"about":[{"href":"https:\/\/www.shamare.eu\/index.php\/wp-json\/wp\/v2\/types\/page"}],"author":[{"embeddable":true,"href":"https:\/\/www.shamare.eu\/index.php\/wp-json\/wp\/v2\/users\/2"}],"replies":[{"embeddable":true,"href":"https:\/\/www.shamare.eu\/index.php\/wp-json\/wp\/v2\/comments?post=7002"}],"version-history":[{"count":43,"href":"https:\/\/www.shamare.eu\/index.php\/wp-json\/wp\/v2\/pages\/7002\/revisions"}],"predecessor-version":[{"id":7445,"href":"https:\/\/www.shamare.eu\/index.php\/wp-json\/wp\/v2\/pages\/7002\/revisions\/7445"}],"wp:attachment":[{"href":"https:\/\/www.shamare.eu\/index.php\/wp-json\/wp\/v2\/media?parent=7002"}],"curies":[{"name":"wp","href":"https:\/\/api.w.org\/{rel}","templated":true}]}}