{"id":6984,"date":"2022-12-24T02:06:24","date_gmt":"2022-12-24T01:06:24","guid":{"rendered":"https:\/\/www.shamare.eu\/?page_id=6984"},"modified":"2023-01-04T17:10:16","modified_gmt":"2023-01-04T16:10:16","slug":"detox-si","status":"publish","type":"page","link":"https:\/\/www.shamare.eu\/index.php\/sl\/detox-si\/","title":{"rendered":"Detox si"},"content":{"rendered":"\t\t<div data-elementor-type=\"wp-page\" data-elementor-id=\"6984\" class=\"elementor elementor-6984\" data-elementor-post-type=\"page\">\n\t\t\t\t\t\t<section class=\"elementor-section elementor-top-section elementor-element elementor-element-453c480 elementor-section-boxed elementor-section-height-default elementor-section-height-default elementor-invisible\" data-id=\"453c480\" data-element_type=\"section\" data-e-type=\"section\" data-settings=\"{&quot;animation&quot;:&quot;fadeInUp&quot;,&quot;animation_delay&quot;:1300,&quot;background_background&quot;:&quot;classic&quot;}\">\n\t\t\t\t\t\t<div class=\"elementor-container elementor-column-gap-default\">\n\t\t\t\t\t<div class=\"elementor-column elementor-col-100 elementor-top-column elementor-element elementor-element-3a96c1c3\" data-id=\"3a96c1c3\" data-element_type=\"column\" data-e-type=\"column\" data-settings=\"{&quot;background_background&quot;:&quot;classic&quot;}\">\n\t\t\t<div class=\"elementor-widget-wrap elementor-element-populated\">\n\t\t\t\t\t\t<section class=\"elementor-section elementor-inner-section elementor-element elementor-element-4bdc6d8 elementor-section-boxed elementor-section-height-default elementor-section-height-default\" data-id=\"4bdc6d8\" data-element_type=\"section\" data-e-type=\"section\">\n\t\t\t\t\t\t<div class=\"elementor-container elementor-column-gap-default\">\n\t\t\t\t\t<div class=\"elementor-column elementor-col-50 elementor-inner-column elementor-element elementor-element-739fd13a\" data-id=\"739fd13a\" data-element_type=\"column\" data-e-type=\"column\">\n\t\t\t<div class=\"elementor-widget-wrap elementor-element-populated\">\n\t\t\t\t\t\t<div class=\"elementor-element elementor-element-89aa745 envato-drop-cap elementor-widget elementor-widget-text-editor\" data-id=\"89aa745\" data-element_type=\"widget\" data-e-type=\"widget\" data-widget_type=\"text-editor.default\">\n\t\t\t\t<div class=\"elementor-widget-container\">\n\t\t\t\t\t\t\t\t\t<p><strong>Pojdite na stran Paket vklju\u010duje:<\/strong> \u00a0\u00a0\u00a0\u00a0\u00a0\u00a0\u00a0\u00a0\u00a0\u00a0\u00a0\u00a0\u00a0\u00a0\u00a0\u00a0\u00a0\u00a0\u00a0\u00a0\u00a0\u00a0\u00a0\u00a0\u00a0\u00a0\u00a0\u00a0\u00a0\u00a0\u00a0\u00a0\u00a0\u00a0\u00a0\u00a0\u00a0\u00a0\u00a0<\/p><p><strong>Petek, 20. januarja 2023<\/strong>, prihod v Shamar\u00e8 Resort<br \/><strong>18.00<\/strong> dobrodo\u0161lica in predstavitev programa<br \/>ve\u010derja: sve\u017ee stisnjeni sokovi, sadje.<\/p><p><strong>Sobota 21.01.&#8217;23<\/strong> \u00a0\u00a0\u00a0\u00a0\u00a0\u00a0\u00a0\u00a0\u00a0\u00a0\u00a0\u00a0\u00a0\u00a0\u00a0\u00a0\u00a0\u00a0\u00a0\u00a0\u00a0\u00a0\u00a0\u00a0\u00a0\u00a0\u00a0\u00a0\u00a0\u00a0\u00a0\u00a0\u00a0\u00a0\u00a0\u00a0\u00a0\u00a0\u00a0\u00a0<\/p><p><strong>8.00<\/strong> zajtrk: sve\u017ee stisnjeni sokovi<br \/>\u010duje\u010dnost: meditacija v gozdu<br \/><strong>12.30<\/strong> kosilo: sve\u017ee stisnjeni sokovi, juha<br \/><strong>15.00<\/strong> Akipunto dru\u017einska postavitev, tema: hrana<\/p><p><strong>19.00<\/strong> ve\u010derja: sve\u017ee stisnjeni sokovi, juha<\/p><p><strong>Nedelja 22.01.&#8217;23<\/strong> \u00a0\u00a0\u00a0\u00a0\u00a0\u00a0\u00a0\u00a0\u00a0\u00a0\u00a0\u00a0\u00a0\u00a0\u00a0\u00a0\u00a0\u00a0\u00a0 \u00a0 \u00a0 \u00a0 \u00a0 \u00a0 \u00a0 \u00a0 \u00a0 \u00a0 \u00a0\u00a0<\/p><p><strong>8.00<\/strong> zajtrk: sve\u017ee stisnjeni sokovi<br \/>\u010duje\u010dnost: meditacija v gozdu<br \/><strong>12.30<\/strong> kosilo: sve\u017ee stisnjeni sokovi, juha<\/p><p><strong>15.00<\/strong> meditacija:dihajmo skupaj<br \/>Energetska terapija vklju\u010dena v paket:<br \/>Natural Body Remodeling \u00a9<br \/>v vrednosti 100 evrov<\/p><p>Pozdravi<\/p><p><strong>Za informacije +386 40 816 215<br \/><\/strong><\/p><p><span style=\"color: #ff6600;\"><strong><span style=\"text-decoration: underline;\">Naslednji Datumi detoksikacijskih vikendov 2023:<\/span><\/strong><\/span><br \/><span style=\"color: #000000;\"><strong>3., 4. in 5. februar<\/strong><\/span><br \/><span style=\"color: #000000;\"><strong>17.-18. in 19. marec<\/strong><\/span><br \/><span style=\"color: #000000;\"><strong>14.-15. in 16. april<\/strong><\/span><br \/><span style=\"color: #000000;\"><strong>12.-13. junij 14<\/strong><\/span><br \/><span style=\"color: #000000;\"><strong>15.-16. in 17. september<\/strong><\/span><\/p><p><strong>\u00a0\u00e8<\/strong><\/p>\t\t\t\t\t\t\t\t<\/div>\n\t\t\t\t<\/div>\n\t\t\t\t\t<\/div>\n\t\t<\/div>\n\t\t\t\t<div class=\"elementor-column elementor-col-50 elementor-inner-column elementor-element elementor-element-5e1a5fb4\" data-id=\"5e1a5fb4\" data-element_type=\"column\" data-e-type=\"column\">\n\t\t\t<div class=\"elementor-widget-wrap elementor-element-populated\">\n\t\t\t\t\t\t<div class=\"elementor-element elementor-element-512dcfdd elementor-widget elementor-widget-image\" data-id=\"512dcfdd\" data-element_type=\"widget\" data-e-type=\"widget\" data-widget_type=\"image.default\">\n\t\t\t\t<div class=\"elementor-widget-container\">\n\t\t\t\t\t\t\t\t\t\t\t\t\t\t\t\t<a href=\"https:\/\/www.shamare.eu\/wp-content\/uploads\/2022\/12\/Peach-Minimalist-Beauty-Salon-Your-Story-1.jpg\" data-elementor-open-lightbox=\"yes\" data-elementor-lightbox-title=\"Peach Minimalist Beauty Salon Your Story (1)\" data-e-action-hash=\"#elementor-action%3Aaction%3Dlightbox%26settings%3DeyJpZCI6NjI2MiwidXJsIjoiaHR0cHM6XC9cL3d3dy5zaGFtYXJlLmV1XC93cC1jb250ZW50XC91cGxvYWRzXC8yMDIyXC8xMlwvUGVhY2gtTWluaW1hbGlzdC1CZWF1dHktU2Fsb24tWW91ci1TdG9yeS0xLmpwZyJ9\">\n\t\t\t\t\t\t\t<img fetchpriority=\"high\" decoding=\"async\" width=\"576\" height=\"1024\" src=\"https:\/\/www.shamare.eu\/wp-content\/uploads\/2022\/12\/Peach-Minimalist-Beauty-Salon-Your-Story-1-576x1024.jpg\" class=\"attachment-large size-large wp-image-6262\" alt=\"\" srcset=\"https:\/\/www.shamare.eu\/wp-content\/uploads\/2022\/12\/Peach-Minimalist-Beauty-Salon-Your-Story-1-576x1024.jpg 576w, https:\/\/www.shamare.eu\/wp-content\/uploads\/2022\/12\/Peach-Minimalist-Beauty-Salon-Your-Story-1-169x300.jpg 169w, https:\/\/www.shamare.eu\/wp-content\/uploads\/2022\/12\/Peach-Minimalist-Beauty-Salon-Your-Story-1-768x1365.jpg 768w, https:\/\/www.shamare.eu\/wp-content\/uploads\/2022\/12\/Peach-Minimalist-Beauty-Salon-Your-Story-1-864x1536.jpg 864w, https:\/\/www.shamare.eu\/wp-content\/uploads\/2022\/12\/Peach-Minimalist-Beauty-Salon-Your-Story-1.jpg 1080w\" sizes=\"(max-width: 576px) 100vw, 576px\" \/>\t\t\t\t\t\t\t\t<\/a>\n\t\t\t\t\t\t\t\t\t\t\t\t\t\t\t<\/div>\n\t\t\t\t<\/div>\n\t\t\t\t\t<\/div>\n\t\t<\/div>\n\t\t\t\t\t<\/div>\n\t\t<\/section>\n\t\t\t\t\t<\/div>\n\t\t<\/div>\n\t\t\t\t\t<\/div>\n\t\t<\/section>\n\t\t\t\t<\/div>\n\t\t","protected":false},"excerpt":{"rendered":"<p>Pojdite na stran Paket vklju\u010duje: \u00a0\u00a0\u00a0\u00a0\u00a0\u00a0\u00a0\u00a0\u00a0\u00a0\u00a0\u00a0\u00a0\u00a0\u00a0\u00a0\u00a0\u00a0\u00a0\u00a0\u00a0\u00a0\u00a0\u00a0\u00a0\u00a0\u00a0\u00a0\u00a0\u00a0\u00a0\u00a0\u00a0\u00a0\u00a0\u00a0\u00a0\u00a0\u00a0 Petek, 20. januarja 2023, prihod v Shamar\u00e8 Resort18.00 dobrodo\u0161lica in predstavitev programave\u010derja: sve\u017ee stisnjeni sokovi, sadje. Sobota 21.01.&#8217;23 \u00a0\u00a0\u00a0\u00a0\u00a0\u00a0\u00a0\u00a0\u00a0\u00a0\u00a0\u00a0\u00a0\u00a0\u00a0\u00a0\u00a0\u00a0\u00a0\u00a0\u00a0\u00a0\u00a0\u00a0\u00a0\u00a0\u00a0\u00a0\u00a0\u00a0\u00a0\u00a0\u00a0\u00a0\u00a0\u00a0\u00a0\u00a0\u00a0\u00a0 8.00 zajtrk: sve\u017ee stisnjeni sokovi\u010duje\u010dnost: meditacija v gozdu12.30 kosilo: sve\u017ee stisnjeni sokovi, juha15.00 Akipunto dru\u017einska postavitev, tema: hrana 19.00 ve\u010derja: sve\u017ee stisnjeni sokovi, juha Nedelja 22.01.&#8217;23 \u00a0\u00a0\u00a0\u00a0\u00a0\u00a0\u00a0\u00a0\u00a0\u00a0\u00a0\u00a0\u00a0\u00a0\u00a0\u00a0\u00a0\u00a0\u00a0 \u00a0 \u00a0 \u00a0 [&hellip;]<\/p>\n","protected":false},"author":2,"featured_media":0,"parent":0,"menu_order":0,"comment_status":"closed","ping_status":"closed","template":"","meta":{"ocean_post_layout":"full-screen","ocean_both_sidebars_style":"","ocean_both_sidebars_content_width":0,"ocean_both_sidebars_sidebars_width":0,"ocean_sidebar":"0","ocean_second_sidebar":"0","ocean_disable_margins":"on","ocean_add_body_class":"","ocean_shortcode_before_top_bar":"","ocean_shortcode_after_top_bar":"","ocean_shortcode_before_header":"","ocean_shortcode_after_header":"","ocean_has_shortcode":"","ocean_shortcode_after_title":"","ocean_shortcode_before_footer_widgets":"","ocean_shortcode_after_footer_widgets":"","ocean_shortcode_before_footer_bottom":"","ocean_shortcode_after_footer_bottom":"","ocean_display_top_bar":"off","ocean_display_header":"off","ocean_header_style":"","ocean_center_header_left_menu":"0","ocean_custom_header_template":"0","ocean_custom_logo":0,"ocean_custom_retina_logo":0,"ocean_custom_logo_max_width":0,"ocean_custom_logo_tablet_max_width":0,"ocean_custom_logo_mobile_max_width":0,"ocean_custom_logo_max_height":0,"ocean_custom_logo_tablet_max_height":0,"ocean_custom_logo_mobile_max_height":0,"ocean_header_custom_menu":"0","ocean_menu_typo_font_family":"0","ocean_menu_typo_font_subset":"","ocean_menu_typo_font_size":0,"ocean_menu_typo_font_size_tablet":0,"ocean_menu_typo_font_size_mobile":0,"ocean_menu_typo_font_size_unit":"px","ocean_menu_typo_font_weight":"","ocean_menu_typo_font_weight_tablet":"","ocean_menu_typo_font_weight_mobile":"","ocean_menu_typo_transform":"","ocean_menu_typo_transform_tablet":"","ocean_menu_typo_transform_mobile":"","ocean_menu_typo_line_height":0,"ocean_menu_typo_line_height_tablet":0,"ocean_menu_typo_line_height_mobile":0,"ocean_menu_typo_line_height_unit":"","ocean_menu_typo_spacing":0,"ocean_menu_typo_spacing_tablet":0,"ocean_menu_typo_spacing_mobile":0,"ocean_menu_typo_spacing_unit":"","ocean_menu_link_color":"","ocean_menu_link_color_hover":"","ocean_menu_link_color_active":"","ocean_menu_link_background":"","ocean_menu_link_hover_background":"","ocean_menu_link_active_background":"","ocean_menu_social_links_bg":"","ocean_menu_social_hover_links_bg":"","ocean_menu_social_links_color":"","ocean_menu_social_hover_links_color":"","ocean_disable_title":"on","ocean_disable_heading":"default","ocean_post_title":"","ocean_post_subheading":"","ocean_post_title_style":"","ocean_post_title_background_color":"","ocean_post_title_background":0,"ocean_post_title_bg_image_position":"","ocean_post_title_bg_image_attachment":"","ocean_post_title_bg_image_repeat":"","ocean_post_title_bg_image_size":"","ocean_post_title_height":0,"ocean_post_title_bg_overlay":0.5,"ocean_post_title_bg_overlay_color":"","ocean_disable_breadcrumbs":"default","ocean_breadcrumbs_color":"","ocean_breadcrumbs_separator_color":"","ocean_breadcrumbs_links_color":"","ocean_breadcrumbs_links_hover_color":"","ocean_display_footer_widgets":"off","ocean_display_footer_bottom":"off","ocean_custom_footer_template":"0","footnotes":""},"class_list":["post-6984","page","type-page","status-publish","hentry","entry"],"_links":{"self":[{"href":"https:\/\/www.shamare.eu\/index.php\/wp-json\/wp\/v2\/pages\/6984","targetHints":{"allow":["GET"]}}],"collection":[{"href":"https:\/\/www.shamare.eu\/index.php\/wp-json\/wp\/v2\/pages"}],"about":[{"href":"https:\/\/www.shamare.eu\/index.php\/wp-json\/wp\/v2\/types\/page"}],"author":[{"embeddable":true,"href":"https:\/\/www.shamare.eu\/index.php\/wp-json\/wp\/v2\/users\/2"}],"replies":[{"embeddable":true,"href":"https:\/\/www.shamare.eu\/index.php\/wp-json\/wp\/v2\/comments?post=6984"}],"version-history":[{"count":34,"href":"https:\/\/www.shamare.eu\/index.php\/wp-json\/wp\/v2\/pages\/6984\/revisions"}],"predecessor-version":[{"id":7433,"href":"https:\/\/www.shamare.eu\/index.php\/wp-json\/wp\/v2\/pages\/6984\/revisions\/7433"}],"wp:attachment":[{"href":"https:\/\/www.shamare.eu\/index.php\/wp-json\/wp\/v2\/media?parent=6984"}],"curies":[{"name":"wp","href":"https:\/\/api.w.org\/{rel}","templated":true}]}}