{"id":17032,"date":"2026-01-21T22:39:57","date_gmt":"2026-01-21T21:39:57","guid":{"rendered":"https:\/\/www.shamare.eu\/?page_id=17032"},"modified":"2026-01-21T22:56:13","modified_gmt":"2026-01-21T21:56:13","slug":"airnergy","status":"publish","type":"page","link":"https:\/\/www.shamare.eu\/index.php\/airnergy\/","title":{"rendered":"Airnergy"},"content":{"rendered":"\t\t<div data-elementor-type=\"wp-page\" data-elementor-id=\"17032\" class=\"elementor elementor-17032\" data-elementor-post-type=\"page\">\n\t\t\t\t\t\t<section class=\"elementor-section elementor-top-section elementor-element elementor-element-31bddbdc elementor-section-boxed elementor-section-height-default elementor-section-height-default\" data-id=\"31bddbdc\" data-element_type=\"section\" data-e-type=\"section\" data-settings=\"{&quot;background_background&quot;:&quot;classic&quot;}\">\n\t\t\t\t\t\t<div class=\"elementor-container elementor-column-gap-default\">\n\t\t\t\t\t<div class=\"elementor-column elementor-col-50 elementor-top-column elementor-element elementor-element-426bdf40 elementor-invisible\" data-id=\"426bdf40\" data-element_type=\"column\" data-e-type=\"column\" data-settings=\"{&quot;animation&quot;:&quot;fadeInLeft&quot;,&quot;animation_delay&quot;:400}\">\n\t\t\t<div class=\"elementor-widget-wrap elementor-element-populated\">\n\t\t\t\t\t\t<div class=\"elementor-element elementor-element-6063c7b6 elementor-widget elementor-widget-image\" data-id=\"6063c7b6\" data-element_type=\"widget\" data-e-type=\"widget\" data-widget_type=\"image.default\">\n\t\t\t\t<div class=\"elementor-widget-container\">\n\t\t\t\t\t\t\t\t\t\t\t\t\t\t\t\t<a href=\"https:\/\/www.shamare.eu\/wp-content\/uploads\/2026\/01\/SHAMARE34033_HIRES-scaled.jpg\" data-elementor-open-lightbox=\"yes\" data-elementor-lightbox-title=\"SHAMARE34033_HIRES\" data-e-action-hash=\"#elementor-action%3Aaction%3Dlightbox%26settings%3DeyJpZCI6MTY5NjYsInVybCI6Imh0dHBzOlwvXC93d3cuc2hhbWFyZS5ldVwvd3AtY29udGVudFwvdXBsb2Fkc1wvMjAyNlwvMDFcL1NIQU1BUkUzNDAzM19ISVJFUy1zY2FsZWQuanBnIn0%3D\">\n\t\t\t\t\t\t\t<img fetchpriority=\"high\" decoding=\"async\" width=\"1707\" height=\"2560\" src=\"https:\/\/www.shamare.eu\/wp-content\/uploads\/2026\/01\/SHAMARE34033_HIRES-scaled.jpg\" class=\"attachment-full size-full wp-image-16966\" alt=\"\" srcset=\"https:\/\/www.shamare.eu\/wp-content\/uploads\/2026\/01\/SHAMARE34033_HIRES-scaled.jpg 1707w, https:\/\/www.shamare.eu\/wp-content\/uploads\/2026\/01\/SHAMARE34033_HIRES-200x300.jpg 200w, https:\/\/www.shamare.eu\/wp-content\/uploads\/2026\/01\/SHAMARE34033_HIRES-683x1024.jpg 683w, https:\/\/www.shamare.eu\/wp-content\/uploads\/2026\/01\/SHAMARE34033_HIRES-768x1152.jpg 768w, https:\/\/www.shamare.eu\/wp-content\/uploads\/2026\/01\/SHAMARE34033_HIRES-1024x1536.jpg 1024w, https:\/\/www.shamare.eu\/wp-content\/uploads\/2026\/01\/SHAMARE34033_HIRES-1365x2048.jpg 1365w\" sizes=\"(max-width: 1707px) 100vw, 1707px\" \/>\t\t\t\t\t\t\t\t<\/a>\n\t\t\t\t\t\t\t\t\t\t\t\t\t\t\t<\/div>\n\t\t\t\t<\/div>\n\t\t\t\t\t<\/div>\n\t\t<\/div>\n\t\t\t\t<div class=\"elementor-column elementor-col-50 elementor-top-column elementor-element elementor-element-ad90190 elementor-invisible\" data-id=\"ad90190\" data-element_type=\"column\" data-e-type=\"column\" data-settings=\"{&quot;background_background&quot;:&quot;classic&quot;,&quot;animation&quot;:&quot;fadeInRight&quot;,&quot;animation_delay&quot;:400}\">\n\t\t\t<div class=\"elementor-widget-wrap elementor-element-populated\">\n\t\t\t\t\t\t<div class=\"elementor-element elementor-element-69c07e91 elementor-widget elementor-widget-heading\" data-id=\"69c07e91\" data-element_type=\"widget\" data-e-type=\"widget\" data-widget_type=\"heading.default\">\n\t\t\t\t<div class=\"elementor-widget-container\">\n\t\t\t\t\t<h2 class=\"elementor-heading-title elementor-size-default\">Airnergy Professional Plus <\/h2>\t\t\t\t<\/div>\n\t\t\t\t<\/div>\n\t\t\t\t<div class=\"elementor-element elementor-element-f73e11e elementor-widget elementor-widget-text-editor\" data-id=\"f73e11e\" data-element_type=\"widget\" data-e-type=\"widget\" data-widget_type=\"text-editor.default\">\n\t\t\t\t<div class=\"elementor-widget-container\">\n\t\t\t\t\t\t\t\t\t<p>Supporta e migliora soprattutto la respirazione cellulare vitale e offre cos\u00ec all&#8217;utente la possibilit\u00e0 di ottenere una migliore qualit\u00e0 dell&#8217;aria respirabile caricata energicamente. \u00c8 noto da tempo negli ambienti professionali che la qualit\u00e0 e non la quantit\u00e0 \u00e8 determinante per una migliore salute.<\/p><p>Perch\u00e9 fornire al corpo pi\u00f9 ossigeno quando anche una persona giovane e sana espira circa il 75% dell&#8217;ossigeno assorbito dall&#8217;atmosfera inutilizzato, ci siamo chiesti ad Airnergy.<br \/>In che modo i metodi precedenti affrontano la formazione di stress ossidativo o l&#8217;aumento della formazione di radicali liberi, cio\u00e8 di composti aggressivi dell&#8217;ossigeno (ROS), che si verificano nell&#8217;organismo?<\/p><p style=\"text-align: center;\">Airnergy Professional Plus funziona secondo il principio della fotosintesi e simula tecnologicamente un processo cruciale. L&#8217;aria dell&#8217;ambiente circostante viene trasformata in una forma paragonabile all&#8217;aria della foresta, ricca di energia e sana..<\/p><p>&#8230; da utilizzare in quasi tutti gli ambiti della vita. Per la prevenzione, la carenza di energia e l&#8217;invecchiamento precoce, oltre che per un&#8217;apprezzata alimentazione di base in caso di disturbi funzionali o organici.<\/p><p>\u00a0<\/p><p>Testo tratto dal sito ufficiale https:\/\/en.airnergy.com\/\u00a0<\/p>\t\t\t\t\t\t\t\t<\/div>\n\t\t\t\t<\/div>\n\t\t\t\t\t<\/div>\n\t\t<\/div>\n\t\t\t\t\t<\/div>\n\t\t<\/section>\n\t\t\t\t<section class=\"elementor-section elementor-top-section elementor-element elementor-element-3672f0e3 elementor-section-boxed elementor-section-height-default elementor-section-height-default\" data-id=\"3672f0e3\" data-element_type=\"section\" data-e-type=\"section\" data-settings=\"{&quot;background_background&quot;:&quot;classic&quot;}\">\n\t\t\t\t\t\t<div class=\"elementor-container elementor-column-gap-default\">\n\t\t\t\t\t<div class=\"elementor-column elementor-col-100 elementor-top-column elementor-element elementor-element-29cb757f\" data-id=\"29cb757f\" data-element_type=\"column\" data-e-type=\"column\">\n\t\t\t<div class=\"elementor-widget-wrap elementor-element-populated\">\n\t\t\t\t\t\t<div class=\"elementor-element elementor-element-277863a9 elementor-invisible elementor-widget elementor-widget-heading\" data-id=\"277863a9\" data-element_type=\"widget\" data-e-type=\"widget\" data-settings=\"{&quot;_animation&quot;:&quot;fadeInDown&quot;,&quot;_animation_delay&quot;:400}\" data-widget_type=\"heading.default\">\n\t\t\t\t<div class=\"elementor-widget-container\">\n\t\t\t\t\t<h5 class=\"elementor-heading-title elementor-size-default\">welcome to our salon<\/h5>\t\t\t\t<\/div>\n\t\t\t\t<\/div>\n\t\t\t\t<div class=\"elementor-element elementor-element-3fb75646 elementor-invisible elementor-widget elementor-widget-heading\" data-id=\"3fb75646\" data-element_type=\"widget\" data-e-type=\"widget\" data-settings=\"{&quot;_animation&quot;:&quot;fadeInDown&quot;,&quot;_animation_delay&quot;:200}\" data-widget_type=\"heading.default\">\n\t\t\t\t<div class=\"elementor-widget-container\">\n\t\t\t\t\t<h2 class=\"elementor-heading-title elementor-size-default\">Our Services<\/h2>\t\t\t\t<\/div>\n\t\t\t\t<\/div>\n\t\t\t\t<div class=\"elementor-element elementor-element-697b9768 elementor-invisible elementor-widget elementor-widget-text-editor\" data-id=\"697b9768\" data-element_type=\"widget\" data-e-type=\"widget\" data-settings=\"{&quot;_animation&quot;:&quot;fadeInDown&quot;}\" data-widget_type=\"text-editor.default\">\n\t\t\t\t<div class=\"elementor-widget-container\">\n\t\t\t\t\t\t\t\t\t<p style=\"text-align: center;\">We offer multiple spa services that can\u2019t leave our customers unimpressed. Take a look at these exclusive offers!<\/p>\t\t\t\t\t\t\t\t<\/div>\n\t\t\t\t<\/div>\n\t\t\t\t\t<\/div>\n\t\t<\/div>\n\t\t\t\t\t<\/div>\n\t\t<\/section>\n\t\t\t\t<section class=\"elementor-section elementor-top-section elementor-element elementor-element-3805056c elementor-section-boxed elementor-section-height-default elementor-section-height-default\" data-id=\"3805056c\" data-element_type=\"section\" data-e-type=\"section\" data-settings=\"{&quot;background_background&quot;:&quot;classic&quot;}\">\n\t\t\t\t\t\t<div class=\"elementor-container elementor-column-gap-default\">\n\t\t\t\t\t<div class=\"elementor-column elementor-col-100 elementor-top-column elementor-element elementor-element-351bb616\" data-id=\"351bb616\" data-element_type=\"column\" data-e-type=\"column\">\n\t\t\t<div class=\"elementor-widget-wrap elementor-element-populated\">\n\t\t\t\t\t\t<div class=\"elementor-element elementor-element-22fba578 elementor-invisible elementor-widget elementor-widget-heading\" data-id=\"22fba578\" data-element_type=\"widget\" data-e-type=\"widget\" data-settings=\"{&quot;_animation&quot;:&quot;fadeInDown&quot;,&quot;_animation_delay&quot;:400}\" data-widget_type=\"heading.default\">\n\t\t\t\t<div class=\"elementor-widget-container\">\n\t\t\t\t\t<h5 class=\"elementor-heading-title elementor-size-default\">our special offer<\/h5>\t\t\t\t<\/div>\n\t\t\t\t<\/div>\n\t\t\t\t<div class=\"elementor-element elementor-element-6820fad4 elementor-invisible elementor-widget elementor-widget-heading\" data-id=\"6820fad4\" data-element_type=\"widget\" data-e-type=\"widget\" data-settings=\"{&quot;_animation&quot;:&quot;fadeInDown&quot;,&quot;_animation_delay&quot;:200}\" data-widget_type=\"heading.default\">\n\t\t\t\t<div class=\"elementor-widget-container\">\n\t\t\t\t\t<h2 class=\"elementor-heading-title elementor-size-default\">YOU OWE YOURSELF THIS MOMENT<\/h2>\t\t\t\t<\/div>\n\t\t\t\t<\/div>\n\t\t\t\t<div class=\"elementor-element elementor-element-8db8efc elementor-invisible elementor-widget elementor-widget-text-editor\" data-id=\"8db8efc\" data-element_type=\"widget\" data-e-type=\"widget\" data-settings=\"{&quot;_animation&quot;:&quot;fadeInDown&quot;}\" data-widget_type=\"text-editor.default\">\n\t\t\t\t<div class=\"elementor-widget-container\">\n\t\t\t\t\t\t\t\t\t<p style=\"text-align: center;\">Visit one of our multiple sessions of relaxation.<\/p>\t\t\t\t\t\t\t\t<\/div>\n\t\t\t\t<\/div>\n\t\t\t\t<div class=\"elementor-element elementor-element-68ac3ec5 elementor-align-center elementor-invisible elementor-widget elementor-widget-button\" data-id=\"68ac3ec5\" data-element_type=\"widget\" data-e-type=\"widget\" data-settings=\"{&quot;_animation&quot;:&quot;fadeInDown&quot;}\" data-widget_type=\"button.default\">\n\t\t\t\t<div class=\"elementor-widget-container\">\n\t\t\t\t\t\t\t\t\t<div class=\"elementor-button-wrapper\">\n\t\t\t\t\t<a class=\"elementor-button elementor-button-link elementor-size-sm\" href=\"#\">\n\t\t\t\t\t\t<span class=\"elementor-button-content-wrapper\">\n\t\t\t\t\t\t\t\t\t<span class=\"elementor-button-text\">Order Now<\/span>\n\t\t\t\t\t<\/span>\n\t\t\t\t\t<\/a>\n\t\t\t\t<\/div>\n\t\t\t\t\t\t\t\t<\/div>\n\t\t\t\t<\/div>\n\t\t\t\t\t<\/div>\n\t\t<\/div>\n\t\t\t\t\t<\/div>\n\t\t<\/section>\n\t\t\t\t<\/div>\n\t\t","protected":false},"excerpt":{"rendered":"<p>Airnergy Professional Plus Supporta e migliora soprattutto la respirazione cellulare vitale e offre cos\u00ec all&#8217;utente la possibilit\u00e0 di ottenere una migliore qualit\u00e0 dell&#8217;aria respirabile caricata energicamente. \u00c8 noto da tempo negli ambienti professionali che la qualit\u00e0 e non la quantit\u00e0 \u00e8 determinante per una migliore salute. Perch\u00e9 fornire al corpo pi\u00f9 ossigeno quando anche una [&hellip;]<\/p>\n","protected":false},"author":2,"featured_media":0,"parent":0,"menu_order":0,"comment_status":"closed","ping_status":"closed","template":"","meta":{"ocean_post_layout":"full-screen","ocean_both_sidebars_style":"","ocean_both_sidebars_content_width":0,"ocean_both_sidebars_sidebars_width":0,"ocean_sidebar":"","ocean_second_sidebar":"","ocean_disable_margins":"on","ocean_add_body_class":"","ocean_shortcode_before_top_bar":"","ocean_shortcode_after_top_bar":"","ocean_shortcode_before_header":"","ocean_shortcode_after_header":"","ocean_has_shortcode":"","ocean_shortcode_after_title":"","ocean_shortcode_before_footer_widgets":"","ocean_shortcode_after_footer_widgets":"","ocean_shortcode_before_footer_bottom":"","ocean_shortcode_after_footer_bottom":"","ocean_display_top_bar":"off","ocean_display_header":"off","ocean_header_style":"","ocean_center_header_left_menu":"","ocean_custom_header_template":"","ocean_custom_logo":0,"ocean_custom_retina_logo":0,"ocean_custom_logo_max_width":0,"ocean_custom_logo_tablet_max_width":0,"ocean_custom_logo_mobile_max_width":0,"ocean_custom_logo_max_height":0,"ocean_custom_logo_tablet_max_height":0,"ocean_custom_logo_mobile_max_height":0,"ocean_header_custom_menu":"","ocean_menu_typo_font_family":"","ocean_menu_typo_font_subset":"","ocean_menu_typo_font_size":0,"ocean_menu_typo_font_size_tablet":0,"ocean_menu_typo_font_size_mobile":0,"ocean_menu_typo_font_size_unit":"px","ocean_menu_typo_font_weight":"","ocean_menu_typo_font_weight_tablet":"","ocean_menu_typo_font_weight_mobile":"","ocean_menu_typo_transform":"","ocean_menu_typo_transform_tablet":"","ocean_menu_typo_transform_mobile":"","ocean_menu_typo_line_height":0,"ocean_menu_typo_line_height_tablet":0,"ocean_menu_typo_line_height_mobile":0,"ocean_menu_typo_line_height_unit":"","ocean_menu_typo_spacing":0,"ocean_menu_typo_spacing_tablet":0,"ocean_menu_typo_spacing_mobile":0,"ocean_menu_typo_spacing_unit":"","ocean_menu_link_color":"","ocean_menu_link_color_hover":"","ocean_menu_link_color_active":"","ocean_menu_link_background":"","ocean_menu_link_hover_background":"","ocean_menu_link_active_background":"","ocean_menu_social_links_bg":"","ocean_menu_social_hover_links_bg":"","ocean_menu_social_links_color":"","ocean_menu_social_hover_links_color":"","ocean_disable_title":"on","ocean_disable_heading":"on","ocean_post_title":"","ocean_post_subheading":"","ocean_post_title_style":"","ocean_post_title_background_color":"","ocean_post_title_background":0,"ocean_post_title_bg_image_position":"","ocean_post_title_bg_image_attachment":"","ocean_post_title_bg_image_repeat":"","ocean_post_title_bg_image_size":"","ocean_post_title_height":0,"ocean_post_title_bg_overlay":0.5,"ocean_post_title_bg_overlay_color":"","ocean_disable_breadcrumbs":"default","ocean_breadcrumbs_color":"","ocean_breadcrumbs_separator_color":"","ocean_breadcrumbs_links_color":"","ocean_breadcrumbs_links_hover_color":"","ocean_display_footer_widgets":"off","ocean_display_footer_bottom":"off","ocean_custom_footer_template":"","footnotes":""},"class_list":["post-17032","page","type-page","status-publish","hentry","entry"],"_links":{"self":[{"href":"https:\/\/www.shamare.eu\/index.php\/wp-json\/wp\/v2\/pages\/17032","targetHints":{"allow":["GET"]}}],"collection":[{"href":"https:\/\/www.shamare.eu\/index.php\/wp-json\/wp\/v2\/pages"}],"about":[{"href":"https:\/\/www.shamare.eu\/index.php\/wp-json\/wp\/v2\/types\/page"}],"author":[{"embeddable":true,"href":"https:\/\/www.shamare.eu\/index.php\/wp-json\/wp\/v2\/users\/2"}],"replies":[{"embeddable":true,"href":"https:\/\/www.shamare.eu\/index.php\/wp-json\/wp\/v2\/comments?post=17032"}],"version-history":[{"count":4,"href":"https:\/\/www.shamare.eu\/index.php\/wp-json\/wp\/v2\/pages\/17032\/revisions"}],"predecessor-version":[{"id":17039,"href":"https:\/\/www.shamare.eu\/index.php\/wp-json\/wp\/v2\/pages\/17032\/revisions\/17039"}],"wp:attachment":[{"href":"https:\/\/www.shamare.eu\/index.php\/wp-json\/wp\/v2\/media?parent=17032"}],"curies":[{"name":"wp","href":"https:\/\/api.w.org\/{rel}","templated":true}]}}