{"id":11880,"date":"2024-03-03T16:43:54","date_gmt":"2024-03-03T15:43:54","guid":{"rendered":"https:\/\/www.shamare.eu\/?page_id=11880"},"modified":"2024-03-04T21:58:29","modified_gmt":"2024-03-04T20:58:29","slug":"weekend-arpa","status":"publish","type":"page","link":"https:\/\/www.shamare.eu\/index.php\/weekend-arpa\/","title":{"rendered":"weekend arpa"},"content":{"rendered":"\t\t<div data-elementor-type=\"wp-page\" data-elementor-id=\"11880\" class=\"elementor elementor-11880\" data-elementor-post-type=\"page\">\n\t\t\t\t\t\t<section class=\"elementor-section elementor-top-section elementor-element elementor-element-1daea4ed elementor-section-boxed elementor-section-height-default elementor-section-height-default elementor-invisible\" data-id=\"1daea4ed\" data-element_type=\"section\" data-e-type=\"section\" data-settings=\"{&quot;background_background&quot;:&quot;classic&quot;,&quot;animation&quot;:&quot;fadeIn&quot;}\">\n\t\t\t\t\t\t\t<div class=\"elementor-background-overlay\"><\/div>\n\t\t\t\t\t\t\t<div class=\"elementor-container elementor-column-gap-no\">\n\t\t\t\t\t<div class=\"elementor-column elementor-col-50 elementor-top-column elementor-element elementor-element-4587ea34 animated-fast elementor-invisible\" data-id=\"4587ea34\" data-element_type=\"column\" data-e-type=\"column\" data-settings=\"{&quot;background_background&quot;:&quot;classic&quot;,&quot;animation&quot;:&quot;fadeInRight&quot;,&quot;animation_delay&quot;:300}\">\n\t\t\t<div class=\"elementor-widget-wrap elementor-element-populated\">\n\t\t\t\t\t\t<section class=\"elementor-section elementor-inner-section elementor-element elementor-element-2d7eec5a elementor-section-height-min-height elementor-section-boxed elementor-section-height-default\" data-id=\"2d7eec5a\" data-element_type=\"section\" data-e-type=\"section\">\n\t\t\t\t\t\t<div class=\"elementor-container elementor-column-gap-default\">\n\t\t\t\t\t<div class=\"elementor-column elementor-col-100 elementor-inner-column elementor-element elementor-element-24b792ea\" data-id=\"24b792ea\" data-element_type=\"column\" data-e-type=\"column\" data-settings=\"{&quot;background_background&quot;:&quot;classic&quot;}\">\n\t\t\t<div class=\"elementor-widget-wrap elementor-element-populated\">\n\t\t\t\t\t\t<div class=\"elementor-element elementor-element-6cc0af2e elementor-widget elementor-widget-spacer\" data-id=\"6cc0af2e\" data-element_type=\"widget\" data-e-type=\"widget\" data-widget_type=\"spacer.default\">\n\t\t\t\t<div class=\"elementor-widget-container\">\n\t\t\t\t\t\t\t<div class=\"elementor-spacer\">\n\t\t\t<div class=\"elementor-spacer-inner\"><\/div>\n\t\t<\/div>\n\t\t\t\t\t\t<\/div>\n\t\t\t\t<\/div>\n\t\t\t\t<div class=\"elementor-element elementor-element-c4b7643 elementor-widget elementor-widget-image\" data-id=\"c4b7643\" data-element_type=\"widget\" data-e-type=\"widget\" data-widget_type=\"image.default\">\n\t\t\t\t<div class=\"elementor-widget-container\">\n\t\t\t\t\t\t\t\t\t\t\t\t\t\t\t<img fetchpriority=\"high\" decoding=\"async\" width=\"892\" height=\"960\" src=\"https:\/\/www.shamare.eu\/wp-content\/uploads\/2024\/03\/arpa-insegnante.jpg\" class=\"attachment-large size-large wp-image-11935\" alt=\"\" srcset=\"https:\/\/www.shamare.eu\/wp-content\/uploads\/2024\/03\/arpa-insegnante.jpg 892w, https:\/\/www.shamare.eu\/wp-content\/uploads\/2024\/03\/arpa-insegnante-279x300.jpg 279w, https:\/\/www.shamare.eu\/wp-content\/uploads\/2024\/03\/arpa-insegnante-768x827.jpg 768w\" sizes=\"(max-width: 892px) 100vw, 892px\" \/>\t\t\t\t\t\t\t\t\t\t\t\t\t\t\t<\/div>\n\t\t\t\t<\/div>\n\t\t\t\t<div class=\"elementor-element elementor-element-67521e3 elementor-widget elementor-widget-spacer\" data-id=\"67521e3\" data-element_type=\"widget\" data-e-type=\"widget\" data-widget_type=\"spacer.default\">\n\t\t\t\t<div class=\"elementor-widget-container\">\n\t\t\t\t\t\t\t<div class=\"elementor-spacer\">\n\t\t\t<div class=\"elementor-spacer-inner\"><\/div>\n\t\t<\/div>\n\t\t\t\t\t\t<\/div>\n\t\t\t\t<\/div>\n\t\t\t\t\t<\/div>\n\t\t<\/div>\n\t\t\t\t\t<\/div>\n\t\t<\/section>\n\t\t\t\t<div class=\"elementor-element elementor-element-a25e6bf elementor-widget elementor-widget-image\" data-id=\"a25e6bf\" data-element_type=\"widget\" data-e-type=\"widget\" data-widget_type=\"image.default\">\n\t\t\t\t<div class=\"elementor-widget-container\">\n\t\t\t\t\t\t\t\t\t\t\t\t\t\t\t<img decoding=\"async\" width=\"235\" height=\"378\" src=\"https:\/\/www.shamare.eu\/wp-content\/uploads\/2024\/03\/elfoarpa.jpg\" class=\"attachment-medium_large size-medium_large wp-image-11936\" alt=\"\" srcset=\"https:\/\/www.shamare.eu\/wp-content\/uploads\/2024\/03\/elfoarpa.jpg 235w, https:\/\/www.shamare.eu\/wp-content\/uploads\/2024\/03\/elfoarpa-187x300.jpg 187w\" sizes=\"(max-width: 235px) 100vw, 235px\" \/>\t\t\t\t\t\t\t\t\t\t\t\t\t\t\t<\/div>\n\t\t\t\t<\/div>\n\t\t\t\t\t<\/div>\n\t\t<\/div>\n\t\t\t\t<div class=\"elementor-column elementor-col-50 elementor-top-column elementor-element elementor-element-6990309a animated-fast elementor-invisible\" data-id=\"6990309a\" data-element_type=\"column\" data-e-type=\"column\" data-settings=\"{&quot;background_background&quot;:&quot;classic&quot;,&quot;animation&quot;:&quot;fadeInLeft&quot;,&quot;animation_delay&quot;:600}\">\n\t\t\t<div class=\"elementor-widget-wrap elementor-element-populated\">\n\t\t\t\t\t\t<div class=\"elementor-element elementor-element-70bb6df0 hotel-tmpl-titles-2 elementor-widget elementor-widget-heading\" data-id=\"70bb6df0\" data-element_type=\"widget\" data-e-type=\"widget\" data-widget_type=\"heading.default\">\n\t\t\t\t<div class=\"elementor-widget-container\">\n\t\t\t\t\t<h2 class=\"elementor-heading-title elementor-size-large\">INCANTO  D'IRLANDA<\/h2>\t\t\t\t<\/div>\n\t\t\t\t<\/div>\n\t\t\t\t<div class=\"elementor-element elementor-element-4429f5c4 elementor-widget elementor-widget-text-editor\" data-id=\"4429f5c4\" data-element_type=\"widget\" data-e-type=\"widget\" data-widget_type=\"text-editor.default\">\n\t\t\t\t<div class=\"elementor-widget-container\">\n\t\t\t\t\t\t\t\t\t<h5 style=\"text-align: center;\"><span style=\"color: #ff9900;\"><i><b>Docente: prof.ssa Tatiana Donis<\/b><\/i><\/span><\/h5>\t\t\t\t\t\t\t\t<\/div>\n\t\t\t\t<\/div>\n\t\t\t\t<div class=\"elementor-element elementor-element-7cd9f59 elementor-widget elementor-widget-text-editor\" data-id=\"7cd9f59\" data-element_type=\"widget\" data-e-type=\"widget\" data-widget_type=\"text-editor.default\">\n\t\t\t\t<div class=\"elementor-widget-container\">\n\t\t\t\t\t\t\t\t\t<p>\u00a0<\/p><p style=\"text-align: center;\"><span style=\"font-size: large;\"><b>Ti piace l&#8217;arpa celtica ma non hai avuto l&#8217;opportunit\u00e0 di avvicinarti ad essa?<\/b><\/span><\/p><p style=\"text-align: center;\"><span style=\"font-size: large;\"><b>Questo workshop fa proprio per te!! <\/b><\/span><\/p><p align=\"JUSTIFY\"><span style=\"font-size: medium;\">Un weekend all&#8217;insegna della musica per presentare uno strumento che evoca un intero universo, una musica cos\u00ec lontana nel tempo e nello spazio e cos\u00ec vicina alla nostra sensibilit\u00e0 moderna. L\u2019Arpa Celtica, in una storia ininterrotta lunga dodici secoli, ha cantato la gioia di vivere, il dolore della dominazione straniera, la magia della Natura, l\u2019ebbrezza della danza, la poesia dell\u2019amore. <\/span><\/p><p align=\"JUSTIFY\"><span style=\"font-size: medium;\">L\u2019Arpa Celtica \u00e8 l\u2019erede di una tradizione secolare mai spenta, ricca di repertorio, peculiarit\u00e0 esecutive e di eccezionale valore storico-musicale. Proprio per dare modo a tutti di avvicinarsi nella maniera pi\u00f9 genuina a questo patrimonio quasi incontaminato, vengono trattati i principali aspetti dello strumento, della sua tecnica, del suo sviluppo storico e del repertorio originale ad esso inerente.<\/span><\/p><p align=\"JUSTIFY\"><span style=\"font-size: medium;\">Conoscere la storia di coloro che per secoli hanno suonato l\u2019Arpa in Irlanda ed in Scozia, il loro modo di scrivere musica e di suonarla, e tante altre cose ancora, per poter risvegliare, in coloro che frequenteranno il corso, la curiosit\u00e0 e l\u2019apertura di nuovi orizzonti.<\/span><\/p><p align=\"JUSTIFY\"><span style=\"font-size: medium;\">Il materiale didattico (spartiti, metodo per arpa, dispensa) vengono forniti agli studenti al termine del seminario. <\/span><\/p><p><span style=\"font-size: medium;\">Il corso \u00e8 a numero chiuso ( max 6). <br \/><\/span><\/p><p><span style=\"font-size: medium;\">Durante le lezioni le arpe verranno fornite dal Centro Shamar\u00e9.<\/span><\/p><h6><em>Costo dell&#8217;intero weekend \u20ac180 a partecipante, pranzo escluso.<\/em><\/h6>\t\t\t\t\t\t\t\t<\/div>\n\t\t\t\t<\/div>\n\t\t\t\t\t<\/div>\n\t\t<\/div>\n\t\t\t\t\t<\/div>\n\t\t<\/section>\n\t\t\t\t<section class=\"elementor-section elementor-top-section elementor-element elementor-element-70938d33 elementor-section-boxed elementor-section-height-default elementor-section-height-default\" data-id=\"70938d33\" data-element_type=\"section\" data-e-type=\"section\" data-settings=\"{&quot;background_background&quot;:&quot;classic&quot;}\">\n\t\t\t\t\t\t<div class=\"elementor-container elementor-column-gap-default\">\n\t\t\t\t\t<div class=\"elementor-column elementor-col-100 elementor-top-column elementor-element elementor-element-3a81ae59\" data-id=\"3a81ae59\" data-element_type=\"column\" data-e-type=\"column\">\n\t\t\t<div class=\"elementor-widget-wrap elementor-element-populated\">\n\t\t\t\t\t\t<div class=\"elementor-element elementor-element-8a9a39d elementor-position-top elementor-widget elementor-widget-image-box\" data-id=\"8a9a39d\" data-element_type=\"widget\" data-e-type=\"widget\" data-widget_type=\"image-box.default\">\n\t\t\t\t<div class=\"elementor-widget-container\">\n\t\t\t\t\t<div class=\"elementor-image-box-wrapper\"><figure class=\"elementor-image-box-img\"><img decoding=\"async\" width=\"1024\" height=\"697\" src=\"https:\/\/www.shamare.eu\/wp-content\/uploads\/2024\/03\/Tatiana-Donis.jpg\" class=\"attachment-full size-full wp-image-11916\" alt=\"\" srcset=\"https:\/\/www.shamare.eu\/wp-content\/uploads\/2024\/03\/Tatiana-Donis.jpg 1024w, https:\/\/www.shamare.eu\/wp-content\/uploads\/2024\/03\/Tatiana-Donis-300x204.jpg 300w, https:\/\/www.shamare.eu\/wp-content\/uploads\/2024\/03\/Tatiana-Donis-768x523.jpg 768w\" sizes=\"(max-width: 1024px) 100vw, 1024px\" \/><\/figure><\/div>\t\t\t\t<\/div>\n\t\t\t\t<\/div>\n\t\t\t\t<div class=\"elementor-element elementor-element-f2a45c0 elementor-widget elementor-widget-text-editor\" data-id=\"f2a45c0\" data-element_type=\"widget\" data-e-type=\"widget\" data-widget_type=\"text-editor.default\">\n\t\t\t\t<div class=\"elementor-widget-container\">\n\t\t\t\t\t\t\t\t\t<h4 style=\"text-align: center;\"><span style=\"color: #ff9900;\"><u><b>TATIANA DONI<\/b><\/u><\/span><u><b><span style=\"color: #ff9900;\">S<\/span> <\/b><\/u><\/h4><p align=\"JUSTIFY\">Si \u00e8 diplomata a pieni voti presso il conservatorio Tartini di Trieste, perfezionandosi in seguito con la prof.ssa A. V. Agasievna presso il Conservatorio Rimsky Korsakov di San Pietroburgo.<\/p><p align=\"JUSTIFY\">Il suo repertorio spazia dai brani classici al repertorio irlandese. Nell\u2019autunno del 2006 conclude brillantemente il Biennio Accademico Sperimentale di II Livello presso il Conservatorio J. Tomadini di Udine sotto la guida della prof.ssa Patrizia Tassini, discutendo una tesi dal titolo: \u201cCarlos Salzedo: compositore, didatta, innovatore. La sua poetica in relazione ai sincretismi delle Americhe\u201d. Nell&#8217;aprile del 2013 consegue l&#8217;abilitazione ed il diploma di 2\u00b0 livello Suzuki per l&#8217;insegnamento dell&#8217;arpa presso il Centro Suzuki di Torino sotto la guida della prof.ssa Gabriella Bosio.<\/p><p align=\"JUSTIFY\">Grazie alla sua passione per la musica tradizionale irlandese nel 2003 fonda il gruppo Girotondo d&#8217;Arpe del quale cura la preparazione e gli arrangiamenti. Girotondo d&#8217;Arpe, con il quale si esibisce fino al 2015 nei pi\u00f9 importanti festival nazionali ed internazionali, per ben due volte consegue il primo premio assoluto al concorso O&#8217;Carolan che si svolge a Nobber in Irlanda.<\/p><p align=\"JUSTIFY\">Incide negli anni una decina di cd insieme ad artisti internazionali quali Vincenzo Zitello, Dearbhail Finnegan, Grainne Hambly dedicati principalmente al repertorio folk irlandese.<\/p><p align=\"JUSTIFY\">\u00a0<\/p>\t\t\t\t\t\t\t\t<\/div>\n\t\t\t\t<\/div>\n\t\t\t\t\t<\/div>\n\t\t<\/div>\n\t\t\t\t\t<\/div>\n\t\t<\/section>\n\t\t\t\t<section class=\"elementor-section elementor-top-section elementor-element elementor-element-6298fd3e elementor-section-content-middle elementor-section-boxed elementor-section-height-default elementor-section-height-default\" data-id=\"6298fd3e\" data-element_type=\"section\" data-e-type=\"section\" data-settings=\"{&quot;background_background&quot;:&quot;classic&quot;}\">\n\t\t\t\t\t\t<div class=\"elementor-container elementor-column-gap-no\">\n\t\t\t\t\t<div class=\"elementor-column elementor-col-33 elementor-top-column elementor-element elementor-element-49436d8b\" data-id=\"49436d8b\" data-element_type=\"column\" data-e-type=\"column\">\n\t\t\t<div class=\"elementor-widget-wrap elementor-element-populated\">\n\t\t\t\t\t\t<div class=\"elementor-element elementor-element-368e2cf8 hotel-tmpl-titles elementor-invisible elementor-widget elementor-widget-heading\" data-id=\"368e2cf8\" data-element_type=\"widget\" data-e-type=\"widget\" data-settings=\"{&quot;_animation&quot;:&quot;fadeInUp&quot;}\" data-widget_type=\"heading.default\">\n\t\t\t\t<div class=\"elementor-widget-container\">\n\t\t\t\t\t<h3 class=\"elementor-heading-title elementor-size-default\">PROGRAMMA DEL WEEK END<\/h3>\t\t\t\t<\/div>\n\t\t\t\t<\/div>\n\t\t\t\t\t<\/div>\n\t\t<\/div>\n\t\t\t\t<div class=\"elementor-column elementor-col-33 elementor-top-column elementor-element elementor-element-47954087\" data-id=\"47954087\" data-element_type=\"column\" data-e-type=\"column\">\n\t\t\t<div class=\"elementor-widget-wrap elementor-element-populated\">\n\t\t\t\t\t\t<div class=\"elementor-element elementor-element-732da0a5 elementor-widget elementor-widget-spacer\" data-id=\"732da0a5\" data-element_type=\"widget\" data-e-type=\"widget\" data-widget_type=\"spacer.default\">\n\t\t\t\t<div class=\"elementor-widget-container\">\n\t\t\t\t\t\t\t<div class=\"elementor-spacer\">\n\t\t\t<div class=\"elementor-spacer-inner\"><\/div>\n\t\t<\/div>\n\t\t\t\t\t\t<\/div>\n\t\t\t\t<\/div>\n\t\t\t\t\t<\/div>\n\t\t<\/div>\n\t\t\t\t<div class=\"elementor-column elementor-col-33 elementor-top-column elementor-element elementor-element-475698a animated-fast elementor-invisible\" data-id=\"475698a\" data-element_type=\"column\" data-e-type=\"column\" data-settings=\"{&quot;animation&quot;:&quot;fadeIn&quot;,&quot;animation_delay&quot;:400}\">\n\t\t\t<div class=\"elementor-widget-wrap elementor-element-populated\">\n\t\t\t\t\t\t<div class=\"elementor-element elementor-element-1522e778 elementor-widget elementor-widget-text-editor\" data-id=\"1522e778\" data-element_type=\"widget\" data-e-type=\"widget\" data-widget_type=\"text-editor.default\">\n\t\t\t\t<div class=\"elementor-widget-container\">\n\t\t\t\t\t\t\t\t\t<p><span style=\"font-size: medium;\"><span style=\"text-decoration: underline;\"><strong>SABATO<\/strong><strong> ore 10.00<\/strong><\/span> :\u00a0 <\/span><span style=\"font-size: medium;\">arrivo e registrazione dei partecipanti<\/span><\/p><p><span style=\"font-size: medium;\">ore 10.30 lezione di gruppo<\/span><\/p><p><span style=\"font-size: medium;\"> ore 11.30 Coffe break<\/span><\/p><p><span style=\"font-size: medium;\"> ore 12.00 lezione di gruppo<\/span><\/p><p><span style=\"text-decoration: underline;\"><strong><span style=\"font-size: medium;\"> ore 13.30 pausa pranzo<\/span><\/strong><\/span><\/p><p><span style=\"font-size: medium;\">ore 15.30 lezione di gruppo<\/span><\/p><p><span style=\"font-size: medium;\"> ore 16.30 Coffe break<\/span><\/p><p><span style=\"font-size: medium;\"> ore 17.00 lezione di gruppo<\/span><\/p><p><span style=\"font-size: medium;\"> ore 18.00 termine lezione di gruppo e studio individuale<\/span><\/p><p>\u00a0<\/p><p><span style=\"font-size: medium;\"><span style=\"text-decoration: underline;\"><strong>DOMENICA ore 10.30<\/strong> <\/span>lezione di gruppo<\/span><\/p><p><span style=\"font-size: medium;\"> ore 11.30 Coffe Break<\/span><\/p><p><span style=\"font-size: medium;\"> ore 12.00 lezione di gruppo<br \/><\/span><\/p><p><span style=\"text-decoration: underline;\"><strong>13.30 pausa pranzo<\/strong><\/span><\/p><p>ore 15.30 lezione di gruppo<\/p><p>ore 16.30 Coffe break<\/p><p>ore 17.00 lezione di gruppo<\/p><p><span style=\"font-size: medium;\"> ore 18.00 Confronto tra i partecipanti e lezione conclusiva<br \/><\/span><\/p><p><span style=\"font-size: medium;\"> ore 19.00 Termine del workshop<\/span><\/p>\t\t\t\t\t\t\t\t<\/div>\n\t\t\t\t<\/div>\n\t\t\t\t\t<\/div>\n\t\t<\/div>\n\t\t\t\t\t<\/div>\n\t\t<\/section>\n\t\t\t\t<section class=\"elementor-section elementor-top-section elementor-element elementor-element-305e5d5c elementor-reverse-mobile elementor-section-boxed elementor-section-height-default elementor-section-height-default\" data-id=\"305e5d5c\" data-element_type=\"section\" data-e-type=\"section\" data-settings=\"{&quot;background_background&quot;:&quot;classic&quot;}\">\n\t\t\t\t\t\t<div class=\"elementor-container elementor-column-gap-default\">\n\t\t\t\t\t<div class=\"elementor-column elementor-col-50 elementor-top-column elementor-element elementor-element-42f67eaa animated-fast elementor-invisible\" data-id=\"42f67eaa\" data-element_type=\"column\" data-e-type=\"column\" data-settings=\"{&quot;animation&quot;:&quot;fadeInRight&quot;}\">\n\t\t\t<div class=\"elementor-widget-wrap elementor-element-populated\">\n\t\t\t\t\t\t<section class=\"elementor-section elementor-inner-section elementor-element elementor-element-5987e167 elementor-section-boxed elementor-section-height-default elementor-section-height-default\" data-id=\"5987e167\" data-element_type=\"section\" data-e-type=\"section\" data-settings=\"{&quot;background_background&quot;:&quot;classic&quot;}\">\n\t\t\t\t\t\t<div class=\"elementor-container elementor-column-gap-default\">\n\t\t\t\t\t<div class=\"elementor-column elementor-col-100 elementor-inner-column elementor-element elementor-element-402d5019\" data-id=\"402d5019\" data-element_type=\"column\" data-e-type=\"column\">\n\t\t\t<div class=\"elementor-widget-wrap elementor-element-populated\">\n\t\t\t\t\t\t<div class=\"elementor-element elementor-element-15b314e2 elementor-widget elementor-widget-heading\" data-id=\"15b314e2\" data-element_type=\"widget\" data-e-type=\"widget\" data-widget_type=\"heading.default\">\n\t\t\t\t<div class=\"elementor-widget-container\">\n\t\t\t\t\t<h3 class=\"elementor-heading-title elementor-size-default\"><i>Information <\/i>&amp; Booking<\/h3>\t\t\t\t<\/div>\n\t\t\t\t<\/div>\n\t\t\t\t<div class=\"elementor-element elementor-element-1a35cef4 elementor-widget elementor-widget-text-editor\" data-id=\"1a35cef4\" data-element_type=\"widget\" data-e-type=\"widget\" data-widget_type=\"text-editor.default\">\n\t\t\t\t<div class=\"elementor-widget-container\">\n\t\t\t\t\t\t\t\t\t<p>Per informazioni ed iscrizione contattateci:<br \/><strong>+39 328 8338354<\/strong><\/p><p><b>shamareresort@gmail.com<\/b><\/p>\t\t\t\t\t\t\t\t<\/div>\n\t\t\t\t<\/div>\n\t\t\t\t\t<\/div>\n\t\t<\/div>\n\t\t\t\t\t<\/div>\n\t\t<\/section>\n\t\t\t\t\t<\/div>\n\t\t<\/div>\n\t\t\t\t<div class=\"elementor-column elementor-col-50 elementor-top-column elementor-element elementor-element-75c9d260 animated-fast elementor-invisible\" data-id=\"75c9d260\" data-element_type=\"column\" data-e-type=\"column\" data-settings=\"{&quot;background_background&quot;:&quot;classic&quot;,&quot;animation&quot;:&quot;fadeInLeft&quot;}\">\n\t\t\t<div class=\"elementor-widget-wrap elementor-element-populated\">\n\t\t\t\t\t\t<div class=\"elementor-element elementor-element-0fc3418 elementor-widget elementor-widget-image\" data-id=\"0fc3418\" data-element_type=\"widget\" data-e-type=\"widget\" data-widget_type=\"image.default\">\n\t\t\t\t<div class=\"elementor-widget-container\">\n\t\t\t\t\t\t\t\t\t\t\t\t\t\t\t<img loading=\"lazy\" decoding=\"async\" width=\"500\" height=\"500\" src=\"https:\/\/www.shamare.eu\/wp-content\/uploads\/2022\/10\/Logo-tondo-500x00-quadro.jpg\" class=\"attachment-large size-large wp-image-5975\" alt=\"\" srcset=\"https:\/\/www.shamare.eu\/wp-content\/uploads\/2022\/10\/Logo-tondo-500x00-quadro.jpg 500w, https:\/\/www.shamare.eu\/wp-content\/uploads\/2022\/10\/Logo-tondo-500x00-quadro-300x300.jpg 300w, https:\/\/www.shamare.eu\/wp-content\/uploads\/2022\/10\/Logo-tondo-500x00-quadro-150x150.jpg 150w\" sizes=\"(max-width: 500px) 100vw, 500px\" \/>\t\t\t\t\t\t\t\t\t\t\t\t\t\t\t<\/div>\n\t\t\t\t<\/div>\n\t\t\t\t\t<\/div>\n\t\t<\/div>\n\t\t\t\t\t<\/div>\n\t\t<\/section>\n\t\t\t\t<\/div>\n\t\t","protected":false},"excerpt":{"rendered":"<p>INCANTO D&#8217;IRLANDA Docente: prof.ssa Tatiana Donis \u00a0 Ti piace l&#8217;arpa celtica ma non hai avuto l&#8217;opportunit\u00e0 di avvicinarti ad essa? Questo workshop fa proprio per te!! Un weekend all&#8217;insegna della musica per presentare uno strumento che evoca un intero universo, una musica cos\u00ec lontana nel tempo e nello spazio e cos\u00ec vicina alla nostra sensibilit\u00e0 [&hellip;]<\/p>\n","protected":false},"author":2,"featured_media":0,"parent":0,"menu_order":0,"comment_status":"closed","ping_status":"closed","template":"","meta":{"ocean_post_layout":"full-screen","ocean_both_sidebars_style":"","ocean_both_sidebars_content_width":0,"ocean_both_sidebars_sidebars_width":0,"ocean_sidebar":"","ocean_second_sidebar":"","ocean_disable_margins":"on","ocean_add_body_class":"","ocean_shortcode_before_top_bar":"","ocean_shortcode_after_top_bar":"","ocean_shortcode_before_header":"","ocean_shortcode_after_header":"","ocean_has_shortcode":"","ocean_shortcode_after_title":"","ocean_shortcode_before_footer_widgets":"","ocean_shortcode_after_footer_widgets":"","ocean_shortcode_before_footer_bottom":"","ocean_shortcode_after_footer_bottom":"","ocean_display_top_bar":"off","ocean_display_header":"off","ocean_header_style":"","ocean_center_header_left_menu":"","ocean_custom_header_template":"","ocean_custom_logo":0,"ocean_custom_retina_logo":0,"ocean_custom_logo_max_width":0,"ocean_custom_logo_tablet_max_width":0,"ocean_custom_logo_mobile_max_width":0,"ocean_custom_logo_max_height":0,"ocean_custom_logo_tablet_max_height":0,"ocean_custom_logo_mobile_max_height":0,"ocean_header_custom_menu":"","ocean_menu_typo_font_family":"","ocean_menu_typo_font_subset":"","ocean_menu_typo_font_size":0,"ocean_menu_typo_font_size_tablet":0,"ocean_menu_typo_font_size_mobile":0,"ocean_menu_typo_font_size_unit":"px","ocean_menu_typo_font_weight":"","ocean_menu_typo_font_weight_tablet":"","ocean_menu_typo_font_weight_mobile":"","ocean_menu_typo_transform":"","ocean_menu_typo_transform_tablet":"","ocean_menu_typo_transform_mobile":"","ocean_menu_typo_line_height":0,"ocean_menu_typo_line_height_tablet":0,"ocean_menu_typo_line_height_mobile":0,"ocean_menu_typo_line_height_unit":"","ocean_menu_typo_spacing":0,"ocean_menu_typo_spacing_tablet":0,"ocean_menu_typo_spacing_mobile":0,"ocean_menu_typo_spacing_unit":"","ocean_menu_link_color":"","ocean_menu_link_color_hover":"","ocean_menu_link_color_active":"","ocean_menu_link_background":"","ocean_menu_link_hover_background":"","ocean_menu_link_active_background":"","ocean_menu_social_links_bg":"","ocean_menu_social_hover_links_bg":"","ocean_menu_social_links_color":"","ocean_menu_social_hover_links_color":"","ocean_disable_title":"on","ocean_disable_heading":"default","ocean_post_title":"","ocean_post_subheading":"","ocean_post_title_style":"","ocean_post_title_background_color":"","ocean_post_title_background":0,"ocean_post_title_bg_image_position":"","ocean_post_title_bg_image_attachment":"","ocean_post_title_bg_image_repeat":"","ocean_post_title_bg_image_size":"","ocean_post_title_height":0,"ocean_post_title_bg_overlay":0.5,"ocean_post_title_bg_overlay_color":"","ocean_disable_breadcrumbs":"default","ocean_breadcrumbs_color":"","ocean_breadcrumbs_separator_color":"","ocean_breadcrumbs_links_color":"","ocean_breadcrumbs_links_hover_color":"","ocean_display_footer_widgets":"off","ocean_display_footer_bottom":"off","ocean_custom_footer_template":"","footnotes":""},"class_list":["post-11880","page","type-page","status-publish","hentry","entry"],"_links":{"self":[{"href":"https:\/\/www.shamare.eu\/index.php\/wp-json\/wp\/v2\/pages\/11880","targetHints":{"allow":["GET"]}}],"collection":[{"href":"https:\/\/www.shamare.eu\/index.php\/wp-json\/wp\/v2\/pages"}],"about":[{"href":"https:\/\/www.shamare.eu\/index.php\/wp-json\/wp\/v2\/types\/page"}],"author":[{"embeddable":true,"href":"https:\/\/www.shamare.eu\/index.php\/wp-json\/wp\/v2\/users\/2"}],"replies":[{"embeddable":true,"href":"https:\/\/www.shamare.eu\/index.php\/wp-json\/wp\/v2\/comments?post=11880"}],"version-history":[{"count":40,"href":"https:\/\/www.shamare.eu\/index.php\/wp-json\/wp\/v2\/pages\/11880\/revisions"}],"predecessor-version":[{"id":11943,"href":"https:\/\/www.shamare.eu\/index.php\/wp-json\/wp\/v2\/pages\/11880\/revisions\/11943"}],"wp:attachment":[{"href":"https:\/\/www.shamare.eu\/index.php\/wp-json\/wp\/v2\/media?parent=11880"}],"curies":[{"name":"wp","href":"https:\/\/api.w.org\/{rel}","templated":true}]}}