{"id":11315,"date":"2024-01-02T16:37:34","date_gmt":"2024-01-02T15:37:34","guid":{"rendered":"https:\/\/www.shamare.eu\/?page_id=11315"},"modified":"2024-01-07T10:07:19","modified_gmt":"2024-01-07T09:07:19","slug":"qui-e-ora-slo","status":"publish","type":"page","link":"https:\/\/www.shamare.eu\/index.php\/sl\/qui-e-ora-slo\/","title":{"rendered":"qui e ora slo"},"content":{"rendered":"\t\t<div data-elementor-type=\"wp-page\" data-elementor-id=\"11315\" class=\"elementor elementor-11315\" data-elementor-post-type=\"page\">\n\t\t\t\t\t\t<section class=\"elementor-section elementor-top-section elementor-element elementor-element-4237bc97 elementor-section-boxed elementor-section-height-default elementor-section-height-default\" data-id=\"4237bc97\" data-element_type=\"section\" data-e-type=\"section\">\n\t\t\t\t\t\t<div class=\"elementor-container elementor-column-gap-default\">\n\t\t\t\t\t<div class=\"elementor-column elementor-col-50 elementor-top-column elementor-element elementor-element-778d9bf6\" data-id=\"778d9bf6\" data-element_type=\"column\" data-e-type=\"column\">\n\t\t\t<div class=\"elementor-widget-wrap elementor-element-populated\">\n\t\t\t\t\t\t<div class=\"elementor-element elementor-element-f255219 elementor-widget elementor-widget-spacer\" data-id=\"f255219\" data-element_type=\"widget\" data-e-type=\"widget\" data-widget_type=\"spacer.default\">\n\t\t\t\t<div class=\"elementor-widget-container\">\n\t\t\t\t\t\t\t<div class=\"elementor-spacer\">\n\t\t\t<div class=\"elementor-spacer-inner\"><\/div>\n\t\t<\/div>\n\t\t\t\t\t\t<\/div>\n\t\t\t\t<\/div>\n\t\t\t\t<div class=\"elementor-element elementor-element-d13c620 elementor-widget elementor-widget-text-editor\" data-id=\"d13c620\" data-element_type=\"widget\" data-e-type=\"widget\" data-widget_type=\"text-editor.default\">\n\t\t\t\t<div class=\"elementor-widget-container\">\n\t\t\t\t\t\t\t\t\t<p>TE\u010cAJ 1 VIKEND NA MESEC, od januarja do junija, za leto 2024:<br \/>sobotna: za\u010detek ob 14.00<br \/>nedelja zjutraj: za\u010detek ob 9.30.<br \/>Udele\u017eba v enem vikendu 200 EUR na osebo<br \/>Udele\u017eba na posameznem vikendu 100 EUR na osebo, za \u010dlane dru\u0161tva &#8220;Most do du\u0161e&#8221;.<br \/>Udele\u017eba na celotnem te\u010daju 6 vikendov, od januarja do junija, 1000 \u20ac namesto 1200 \u20ac, pla\u010dano v enkratnem znesku na za\u010detku te\u010daja.<\/p>\t\t\t\t\t\t\t\t<\/div>\n\t\t\t\t<\/div>\n\t\t\t\t<div class=\"elementor-element elementor-element-41948ec elementor-widget elementor-widget-text-editor\" data-id=\"41948ec\" data-element_type=\"widget\" data-e-type=\"widget\" data-widget_type=\"text-editor.default\">\n\t\t\t\t<div class=\"elementor-widget-container\">\n\t\t\t\t\t\t\t\t\t<p>COURSE 1 WEEKEND PER MONTH, from January to June, for the year 2024:<br \/>Saturday: starting at 14.00.<br \/>Sunday morning: start at 9.30 a.m.<br \/>Participation in a single weekend \u20ac200 per person<br \/>Participation in the single weekend \u20ac100 per person, for members of &#8220;A Bridge to the Soul&#8221;.<br \/>Participation in the entire course of 6 weekends, from January to June, \u20ac1000 instead of \u20ac1200, paid in one lump sum at the beginning of the course.<\/p>\t\t\t\t\t\t\t\t<\/div>\n\t\t\t\t<\/div>\n\t\t\t\t\t<\/div>\n\t\t<\/div>\n\t\t\t\t<div class=\"elementor-column elementor-col-50 elementor-top-column elementor-element elementor-element-b008d49\" data-id=\"b008d49\" data-element_type=\"column\" data-e-type=\"column\">\n\t\t\t<div class=\"elementor-widget-wrap elementor-element-populated\">\n\t\t\t\t\t\t<div class=\"elementor-element elementor-element-36ad85a elementor-widget elementor-widget-image\" data-id=\"36ad85a\" data-element_type=\"widget\" data-e-type=\"widget\" data-widget_type=\"image.default\">\n\t\t\t\t<div class=\"elementor-widget-container\">\n\t\t\t\t\t\t\t\t\t\t\t\t\t\t\t<img fetchpriority=\"high\" decoding=\"async\" width=\"819\" height=\"1024\" src=\"https:\/\/www.shamare.eu\/wp-content\/uploads\/2024\/01\/qui-e-ora-sloveno-2-819x1024.jpg\" class=\"attachment-large size-large wp-image-11363\" alt=\"\" srcset=\"https:\/\/www.shamare.eu\/wp-content\/uploads\/2024\/01\/qui-e-ora-sloveno-2-819x1024.jpg 819w, https:\/\/www.shamare.eu\/wp-content\/uploads\/2024\/01\/qui-e-ora-sloveno-2-240x300.jpg 240w, https:\/\/www.shamare.eu\/wp-content\/uploads\/2024\/01\/qui-e-ora-sloveno-2-768x960.jpg 768w, https:\/\/www.shamare.eu\/wp-content\/uploads\/2024\/01\/qui-e-ora-sloveno-2.jpg 1080w\" sizes=\"(max-width: 819px) 100vw, 819px\" \/>\t\t\t\t\t\t\t\t\t\t\t\t\t\t\t<\/div>\n\t\t\t\t<\/div>\n\t\t\t\t\t<\/div>\n\t\t<\/div>\n\t\t\t\t\t<\/div>\n\t\t<\/section>\n\t\t\t\t<\/div>\n\t\t","protected":false},"excerpt":{"rendered":"<p>TE\u010cAJ 1 VIKEND NA MESEC, od januarja do junija, za leto 2024:sobotna: za\u010detek ob 14.00nedelja zjutraj: za\u010detek ob 9.30.Udele\u017eba v enem vikendu 200 EUR na oseboUdele\u017eba na posameznem vikendu 100 EUR na osebo, za \u010dlane dru\u0161tva &#8220;Most do du\u0161e&#8221;.Udele\u017eba na celotnem te\u010daju 6 vikendov, od januarja do junija, 1000 \u20ac namesto 1200 \u20ac, pla\u010dano v [&hellip;]<\/p>\n","protected":false},"author":2,"featured_media":0,"parent":0,"menu_order":0,"comment_status":"closed","ping_status":"closed","template":"","meta":{"ocean_post_layout":"full-screen","ocean_both_sidebars_style":"","ocean_both_sidebars_content_width":0,"ocean_both_sidebars_sidebars_width":0,"ocean_sidebar":"","ocean_second_sidebar":"","ocean_disable_margins":"on","ocean_add_body_class":"","ocean_shortcode_before_top_bar":"","ocean_shortcode_after_top_bar":"","ocean_shortcode_before_header":"","ocean_shortcode_after_header":"","ocean_has_shortcode":"","ocean_shortcode_after_title":"","ocean_shortcode_before_footer_widgets":"","ocean_shortcode_after_footer_widgets":"","ocean_shortcode_before_footer_bottom":"","ocean_shortcode_after_footer_bottom":"","ocean_display_top_bar":"off","ocean_display_header":"off","ocean_header_style":"","ocean_center_header_left_menu":"","ocean_custom_header_template":"","ocean_custom_logo":0,"ocean_custom_retina_logo":0,"ocean_custom_logo_max_width":0,"ocean_custom_logo_tablet_max_width":0,"ocean_custom_logo_mobile_max_width":0,"ocean_custom_logo_max_height":0,"ocean_custom_logo_tablet_max_height":0,"ocean_custom_logo_mobile_max_height":0,"ocean_header_custom_menu":"","ocean_menu_typo_font_family":"","ocean_menu_typo_font_subset":"","ocean_menu_typo_font_size":0,"ocean_menu_typo_font_size_tablet":0,"ocean_menu_typo_font_size_mobile":0,"ocean_menu_typo_font_size_unit":"px","ocean_menu_typo_font_weight":"","ocean_menu_typo_font_weight_tablet":"","ocean_menu_typo_font_weight_mobile":"","ocean_menu_typo_transform":"","ocean_menu_typo_transform_tablet":"","ocean_menu_typo_transform_mobile":"","ocean_menu_typo_line_height":0,"ocean_menu_typo_line_height_tablet":0,"ocean_menu_typo_line_height_mobile":0,"ocean_menu_typo_line_height_unit":"","ocean_menu_typo_spacing":0,"ocean_menu_typo_spacing_tablet":0,"ocean_menu_typo_spacing_mobile":0,"ocean_menu_typo_spacing_unit":"","ocean_menu_link_color":"","ocean_menu_link_color_hover":"","ocean_menu_link_color_active":"","ocean_menu_link_background":"","ocean_menu_link_hover_background":"","ocean_menu_link_active_background":"","ocean_menu_social_links_bg":"","ocean_menu_social_hover_links_bg":"","ocean_menu_social_links_color":"","ocean_menu_social_hover_links_color":"","ocean_disable_title":"on","ocean_disable_heading":"default","ocean_post_title":"","ocean_post_subheading":"","ocean_post_title_style":"","ocean_post_title_background_color":"","ocean_post_title_background":0,"ocean_post_title_bg_image_position":"","ocean_post_title_bg_image_attachment":"","ocean_post_title_bg_image_repeat":"","ocean_post_title_bg_image_size":"","ocean_post_title_height":0,"ocean_post_title_bg_overlay":0.5,"ocean_post_title_bg_overlay_color":"","ocean_disable_breadcrumbs":"default","ocean_breadcrumbs_color":"","ocean_breadcrumbs_separator_color":"","ocean_breadcrumbs_links_color":"","ocean_breadcrumbs_links_hover_color":"","ocean_display_footer_widgets":"off","ocean_display_footer_bottom":"off","ocean_custom_footer_template":"","footnotes":""},"class_list":["post-11315","page","type-page","status-publish","hentry","entry"],"_links":{"self":[{"href":"https:\/\/www.shamare.eu\/index.php\/wp-json\/wp\/v2\/pages\/11315","targetHints":{"allow":["GET"]}}],"collection":[{"href":"https:\/\/www.shamare.eu\/index.php\/wp-json\/wp\/v2\/pages"}],"about":[{"href":"https:\/\/www.shamare.eu\/index.php\/wp-json\/wp\/v2\/types\/page"}],"author":[{"embeddable":true,"href":"https:\/\/www.shamare.eu\/index.php\/wp-json\/wp\/v2\/users\/2"}],"replies":[{"embeddable":true,"href":"https:\/\/www.shamare.eu\/index.php\/wp-json\/wp\/v2\/comments?post=11315"}],"version-history":[{"count":10,"href":"https:\/\/www.shamare.eu\/index.php\/wp-json\/wp\/v2\/pages\/11315\/revisions"}],"predecessor-version":[{"id":11366,"href":"https:\/\/www.shamare.eu\/index.php\/wp-json\/wp\/v2\/pages\/11315\/revisions\/11366"}],"wp:attachment":[{"href":"https:\/\/www.shamare.eu\/index.php\/wp-json\/wp\/v2\/media?parent=11315"}],"curies":[{"name":"wp","href":"https:\/\/api.w.org\/{rel}","templated":true}]}}